{"id":3693184,"date":"2025-10-13T13:54:08","date_gmt":"2025-10-13T17:54:08","guid":{"rendered":"https:\/\/stoic-curie.212-227-153-4.plesk.page\/product\/zastita-za-propelere-prop-sox\/"},"modified":"2026-02-25T00:01:21","modified_gmt":"2026-02-25T00:01:21","slug":"zastita-za-propelere-prop-sox","status":"publish","type":"product","link":"https:\/\/stoic-curie.212-227-153-4.plesk.page\/hr\/product\/zastita-za-propelere-prop-sox\/","title":{"rendered":"Za\u0161tita za propelere prop sox"},"content":{"rendered":"<p>Za\u0161tita za propelere prop sox &#8211; <\/p>\n<p>Set za za\u0161titu od udaraca i ogrebotina za svaku vrstu 3-krakih propelera. Lako se montira, a zahvaljuju\u0107i reflektiraju\u0107im to\u010dkama tako\u0111er je lako uo\u010diti ga od strane voza\u010da i pje\u0161aka.<\/p>\n","protected":false},"excerpt":{"rendered":"<p>Za\u0161tita za propelere prop sox &#8211; Set za za\u0161titu od udaraca i ogrebotina za svaku vrstu 3-krakih propelera. Lako se<\/p>\n","protected":false},"featured_media":5948306,"comment_status":"closed","ping_status":"closed","template":"","meta":[],"product_brand":[3391],"product_cat":[1803],"product_tag":[],"class_list":{"0":"post-3693184","1":"product","2":"type-product","3":"status-publish","4":"has-post-thumbnail","6":"product_brand-sierra-marine-hr","7":"product_cat-propeleri-za-vanbrodske-motore","9":"first","10":"instock","11":"shipping-taxable","12":"purchasable","13":"product-type-simple"},"_links":{"self":[{"href":"https:\/\/stoic-curie.212-227-153-4.plesk.page\/hr\/wp-json\/wp\/v2\/product\/3693184","targetHints":{"allow":["GET"]}}],"collection":[{"href":"https:\/\/stoic-curie.212-227-153-4.plesk.page\/hr\/wp-json\/wp\/v2\/product"}],"about":[{"href":"https:\/\/stoic-curie.212-227-153-4.plesk.page\/hr\/wp-json\/wp\/v2\/types\/product"}],"replies":[{"embeddable":true,"href":"https:\/\/stoic-curie.212-227-153-4.plesk.page\/hr\/wp-json\/wp\/v2\/comments?post=3693184"}],"version-history":[{"count":0,"href":"https:\/\/stoic-curie.212-227-153-4.plesk.page\/hr\/wp-json\/wp\/v2\/product\/3693184\/revisions"}],"wp:featuredmedia":[{"embeddable":true,"href":"https:\/\/stoic-curie.212-227-153-4.plesk.page\/hr\/wp-json\/wp\/v2\/media\/5948306"}],"wp:attachment":[{"href":"https:\/\/stoic-curie.212-227-153-4.plesk.page\/hr\/wp-json\/wp\/v2\/media?parent=3693184"}],"wp:term":[{"taxonomy":"product_brand","embeddable":true,"href":"https:\/\/stoic-curie.212-227-153-4.plesk.page\/hr\/wp-json\/wp\/v2\/product_brand?post=3693184"},{"taxonomy":"product_cat","embeddable":true,"href":"https:\/\/stoic-curie.212-227-153-4.plesk.page\/hr\/wp-json\/wp\/v2\/product_cat?post=3693184"},{"taxonomy":"product_tag","embeddable":true,"href":"https:\/\/stoic-curie.212-227-153-4.plesk.page\/hr\/wp-json\/wp\/v2\/product_tag?post=3693184"}],"curies":[{"name":"wp","href":"https:\/\/api.w.org\/{rel}","templated":true}]}}