{"id":3693194,"date":"2025-10-13T13:54:10","date_gmt":"2025-10-13T17:54:10","guid":{"rendered":"https:\/\/stoic-curie.212-227-153-4.plesk.page\/product\/aluminijska-anoda-yanmar-196440-02660\/"},"modified":"2026-02-25T00:01:21","modified_gmt":"2026-02-25T00:01:21","slug":"aluminijska-anoda-yanmar-196440-02660","status":"publish","type":"product","link":"https:\/\/stoic-curie.212-227-153-4.plesk.page\/hr\/product\/aluminijska-anoda-yanmar-196440-02660\/","title":{"rendered":"Aluminijska anoda Yanmar 196440-02660"},"content":{"rendered":"<p>Aluminijska anoda Yanmar 196440-02660 &#8211; <\/p>\n<p>Aluminijski kit za anodu s 2 dijela s adapterima od nehr\u0111aju\u0107eg \u010delika. Za Yanmar SD20\/25\/30\/31\/40\/50\/60 Sail-Drive.<\/p>\n","protected":false},"excerpt":{"rendered":"<p>Aluminijska anoda Yanmar 196440-02660 &#8211; Aluminijski kit za anodu s 2 dijela s adapterima od nehr\u0111aju\u0107eg \u010delika. Za Yanmar SD20\/25\/30\/31\/40\/50\/60<\/p>\n","protected":false},"featured_media":5948314,"comment_status":"closed","ping_status":"closed","template":"","meta":[],"product_brand":[3126],"product_cat":[1816],"product_tag":[],"class_list":{"0":"post-3693194","1":"product","2":"type-product","3":"status-publish","4":"has-post-thumbnail","6":"product_brand-martyr-hr","7":"product_cat-rezervni-dijelovi-za-motore-yanmar","9":"first","10":"instock","11":"shipping-taxable","12":"purchasable","13":"product-type-simple"},"_links":{"self":[{"href":"https:\/\/stoic-curie.212-227-153-4.plesk.page\/hr\/wp-json\/wp\/v2\/product\/3693194","targetHints":{"allow":["GET"]}}],"collection":[{"href":"https:\/\/stoic-curie.212-227-153-4.plesk.page\/hr\/wp-json\/wp\/v2\/product"}],"about":[{"href":"https:\/\/stoic-curie.212-227-153-4.plesk.page\/hr\/wp-json\/wp\/v2\/types\/product"}],"replies":[{"embeddable":true,"href":"https:\/\/stoic-curie.212-227-153-4.plesk.page\/hr\/wp-json\/wp\/v2\/comments?post=3693194"}],"version-history":[{"count":0,"href":"https:\/\/stoic-curie.212-227-153-4.plesk.page\/hr\/wp-json\/wp\/v2\/product\/3693194\/revisions"}],"wp:featuredmedia":[{"embeddable":true,"href":"https:\/\/stoic-curie.212-227-153-4.plesk.page\/hr\/wp-json\/wp\/v2\/media\/5948314"}],"wp:attachment":[{"href":"https:\/\/stoic-curie.212-227-153-4.plesk.page\/hr\/wp-json\/wp\/v2\/media?parent=3693194"}],"wp:term":[{"taxonomy":"product_brand","embeddable":true,"href":"https:\/\/stoic-curie.212-227-153-4.plesk.page\/hr\/wp-json\/wp\/v2\/product_brand?post=3693194"},{"taxonomy":"product_cat","embeddable":true,"href":"https:\/\/stoic-curie.212-227-153-4.plesk.page\/hr\/wp-json\/wp\/v2\/product_cat?post=3693194"},{"taxonomy":"product_tag","embeddable":true,"href":"https:\/\/stoic-curie.212-227-153-4.plesk.page\/hr\/wp-json\/wp\/v2\/product_tag?post=3693194"}],"curies":[{"name":"wp","href":"https:\/\/api.w.org\/{rel}","templated":true}]}}