{"id":3693273,"date":"2025-10-13T13:54:30","date_gmt":"2025-10-13T17:54:30","guid":{"rendered":"https:\/\/stoic-curie.212-227-153-4.plesk.page\/product\/sigurnosni-prekidac-mob-novi-johnson-evinrude\/"},"modified":"2026-02-25T00:01:21","modified_gmt":"2026-02-25T00:01:21","slug":"sigurnosni-prekidac-mob-novi-johnson-evinrude","status":"publish","type":"product","link":"https:\/\/stoic-curie.212-227-153-4.plesk.page\/hr\/product\/sigurnosni-prekidac-mob-novi-johnson-evinrude\/","title":{"rendered":"Sigurnosni prekida\u010d MOB Novi Johnson Evinrude"},"content":{"rendered":"<p>Sigurnosni prekida\u010d MOB Novi Johnson Evinrude &#8211; <\/p>\n<p>Tipke za prekida\u010d za brod s trakicom. Obustavlja vanbrodski motor u slu\u010daju pada \u010dovjeka u more.<\/p>\n","protected":false},"excerpt":{"rendered":"<p>Sigurnosni prekida\u010d MOB Novi Johnson Evinrude &#8211; Tipke za prekida\u010d za brod s trakicom. Obustavlja vanbrodski motor u slu\u010daju pada<\/p>\n","protected":false},"featured_media":5948360,"comment_status":"closed","ping_status":"closed","template":"","meta":[],"product_brand":[3236],"product_cat":[1827,1821],"product_tag":[],"class_list":{"0":"post-3693273","1":"product","2":"type-product","3":"status-publish","4":"has-post-thumbnail","6":"product_brand-osculati-hr","7":"product_cat-dodatna-oprema-za-vanbrodske-motore","8":"product_cat-rezervni-dijelovi-za-vanbrodske-motore-johnson-i-evinrude","10":"first","11":"instock","12":"shipping-taxable","13":"purchasable","14":"product-type-simple"},"_links":{"self":[{"href":"https:\/\/stoic-curie.212-227-153-4.plesk.page\/hr\/wp-json\/wp\/v2\/product\/3693273","targetHints":{"allow":["GET"]}}],"collection":[{"href":"https:\/\/stoic-curie.212-227-153-4.plesk.page\/hr\/wp-json\/wp\/v2\/product"}],"about":[{"href":"https:\/\/stoic-curie.212-227-153-4.plesk.page\/hr\/wp-json\/wp\/v2\/types\/product"}],"replies":[{"embeddable":true,"href":"https:\/\/stoic-curie.212-227-153-4.plesk.page\/hr\/wp-json\/wp\/v2\/comments?post=3693273"}],"version-history":[{"count":0,"href":"https:\/\/stoic-curie.212-227-153-4.plesk.page\/hr\/wp-json\/wp\/v2\/product\/3693273\/revisions"}],"wp:featuredmedia":[{"embeddable":true,"href":"https:\/\/stoic-curie.212-227-153-4.plesk.page\/hr\/wp-json\/wp\/v2\/media\/5948360"}],"wp:attachment":[{"href":"https:\/\/stoic-curie.212-227-153-4.plesk.page\/hr\/wp-json\/wp\/v2\/media?parent=3693273"}],"wp:term":[{"taxonomy":"product_brand","embeddable":true,"href":"https:\/\/stoic-curie.212-227-153-4.plesk.page\/hr\/wp-json\/wp\/v2\/product_brand?post=3693273"},{"taxonomy":"product_cat","embeddable":true,"href":"https:\/\/stoic-curie.212-227-153-4.plesk.page\/hr\/wp-json\/wp\/v2\/product_cat?post=3693273"},{"taxonomy":"product_tag","embeddable":true,"href":"https:\/\/stoic-curie.212-227-153-4.plesk.page\/hr\/wp-json\/wp\/v2\/product_tag?post=3693273"}],"curies":[{"name":"wp","href":"https:\/\/api.w.org\/{rel}","templated":true}]}}