{"id":3693275,"date":"2025-10-13T13:54:30","date_gmt":"2025-10-13T17:54:30","guid":{"rendered":"https:\/\/stoic-curie.212-227-153-4.plesk.page\/product\/univerzalni-sigurnosni-prekidac-mob\/"},"modified":"2026-02-25T00:01:22","modified_gmt":"2026-02-25T00:01:22","slug":"univerzalni-sigurnosni-prekidac-mob","status":"publish","type":"product","link":"https:\/\/stoic-curie.212-227-153-4.plesk.page\/hr\/product\/univerzalni-sigurnosni-prekidac-mob\/","title":{"rendered":"Univerzalni sigurnosni prekida\u010d MOB"},"content":{"rendered":"<p>Univerzalni sigurnosni prekida\u010d MOB &#8211; <\/p>\n<p>Robusni univerzalni sigurnosni prekida\u010d s kapicom i brzim povla\u010denjem u\u017eeta koji prekida paljenje i zaustavlja vanbrodski motor u slu\u010daju \u010dovjeka u moru. 4-pinska \u017ei\u010dana veza. C-pinska \u017eica: prekid kola za nove generacije motora. M-pinska \u017eica: isklju\u010divanje uzemljenja za stare generacije motora.<\/p>\n","protected":false},"excerpt":{"rendered":"<p>Univerzalni sigurnosni prekida\u010d MOB &#8211; Robusni univerzalni sigurnosni prekida\u010d s kapicom i brzim povla\u010denjem u\u017eeta koji prekida paljenje i zaustavlja<\/p>\n","protected":false},"featured_media":5948362,"comment_status":"closed","ping_status":"closed","template":"","meta":[],"product_brand":[3236],"product_cat":[1827],"product_tag":[],"class_list":{"0":"post-3693275","1":"product","2":"type-product","3":"status-publish","4":"has-post-thumbnail","6":"product_brand-osculati-hr","7":"product_cat-dodatna-oprema-za-vanbrodske-motore","9":"first","10":"instock","11":"shipping-taxable","12":"purchasable","13":"product-type-simple"},"_links":{"self":[{"href":"https:\/\/stoic-curie.212-227-153-4.plesk.page\/hr\/wp-json\/wp\/v2\/product\/3693275","targetHints":{"allow":["GET"]}}],"collection":[{"href":"https:\/\/stoic-curie.212-227-153-4.plesk.page\/hr\/wp-json\/wp\/v2\/product"}],"about":[{"href":"https:\/\/stoic-curie.212-227-153-4.plesk.page\/hr\/wp-json\/wp\/v2\/types\/product"}],"replies":[{"embeddable":true,"href":"https:\/\/stoic-curie.212-227-153-4.plesk.page\/hr\/wp-json\/wp\/v2\/comments?post=3693275"}],"version-history":[{"count":0,"href":"https:\/\/stoic-curie.212-227-153-4.plesk.page\/hr\/wp-json\/wp\/v2\/product\/3693275\/revisions"}],"wp:featuredmedia":[{"embeddable":true,"href":"https:\/\/stoic-curie.212-227-153-4.plesk.page\/hr\/wp-json\/wp\/v2\/media\/5948362"}],"wp:attachment":[{"href":"https:\/\/stoic-curie.212-227-153-4.plesk.page\/hr\/wp-json\/wp\/v2\/media?parent=3693275"}],"wp:term":[{"taxonomy":"product_brand","embeddable":true,"href":"https:\/\/stoic-curie.212-227-153-4.plesk.page\/hr\/wp-json\/wp\/v2\/product_brand?post=3693275"},{"taxonomy":"product_cat","embeddable":true,"href":"https:\/\/stoic-curie.212-227-153-4.plesk.page\/hr\/wp-json\/wp\/v2\/product_cat?post=3693275"},{"taxonomy":"product_tag","embeddable":true,"href":"https:\/\/stoic-curie.212-227-153-4.plesk.page\/hr\/wp-json\/wp\/v2\/product_tag?post=3693275"}],"curies":[{"name":"wp","href":"https:\/\/api.w.org\/{rel}","templated":true}]}}