{"id":3693305,"date":"2025-10-13T13:54:37","date_gmt":"2025-10-13T17:54:37","guid":{"rendered":"https:\/\/stoic-curie.212-227-153-4.plesk.page\/product\/volani-compact-v45-o-280-mm-boja-crna\/"},"modified":"2026-02-25T00:01:22","modified_gmt":"2026-02-25T00:01:22","slug":"volani-compact-v45-o-280-mm-boja-crna","status":"publish","type":"product","link":"https:\/\/stoic-curie.212-227-153-4.plesk.page\/hr\/product\/volani-compact-v45-o-280-mm-boja-crna\/","title":{"rendered":"Volani compact v45 \u00f8 280 mm boja crna"},"content":{"rendered":"<p>Volani compact v45 \u00f8 280 mm boja crna  &#8211; <\/p>\n<p>Kompaktni upravlja\u010di od antishock termoplasti\u010dnog materijala. Ozna\u010deno CE-ISO23411 u skladu s ABYC standardima. Dolazi s centralnom kapicom i osovinom standardne 3\/4&#8243; konusnosti.<\/p>\n","protected":false},"excerpt":{"rendered":"<p>Volani compact v45 \u00f8 280 mm boja crna &#8211; Kompaktni upravlja\u010di od antishock termoplasti\u010dnog materijala. Ozna\u010deno CE-ISO23411 u skladu s<\/p>\n","protected":false},"featured_media":5948436,"comment_status":"closed","ping_status":"closed","template":"","meta":[],"product_brand":[3501],"product_cat":[1822],"product_tag":[],"class_list":{"0":"post-3693305","1":"product","2":"type-product","3":"status-publish","4":"has-post-thumbnail","6":"product_brand-ultraflex-uflex-hr","7":"product_cat-kola-kormila","9":"first","10":"instock","11":"shipping-taxable","12":"purchasable","13":"product-type-simple"},"_links":{"self":[{"href":"https:\/\/stoic-curie.212-227-153-4.plesk.page\/hr\/wp-json\/wp\/v2\/product\/3693305","targetHints":{"allow":["GET"]}}],"collection":[{"href":"https:\/\/stoic-curie.212-227-153-4.plesk.page\/hr\/wp-json\/wp\/v2\/product"}],"about":[{"href":"https:\/\/stoic-curie.212-227-153-4.plesk.page\/hr\/wp-json\/wp\/v2\/types\/product"}],"replies":[{"embeddable":true,"href":"https:\/\/stoic-curie.212-227-153-4.plesk.page\/hr\/wp-json\/wp\/v2\/comments?post=3693305"}],"version-history":[{"count":0,"href":"https:\/\/stoic-curie.212-227-153-4.plesk.page\/hr\/wp-json\/wp\/v2\/product\/3693305\/revisions"}],"wp:featuredmedia":[{"embeddable":true,"href":"https:\/\/stoic-curie.212-227-153-4.plesk.page\/hr\/wp-json\/wp\/v2\/media\/5948436"}],"wp:attachment":[{"href":"https:\/\/stoic-curie.212-227-153-4.plesk.page\/hr\/wp-json\/wp\/v2\/media?parent=3693305"}],"wp:term":[{"taxonomy":"product_brand","embeddable":true,"href":"https:\/\/stoic-curie.212-227-153-4.plesk.page\/hr\/wp-json\/wp\/v2\/product_brand?post=3693305"},{"taxonomy":"product_cat","embeddable":true,"href":"https:\/\/stoic-curie.212-227-153-4.plesk.page\/hr\/wp-json\/wp\/v2\/product_cat?post=3693305"},{"taxonomy":"product_tag","embeddable":true,"href":"https:\/\/stoic-curie.212-227-153-4.plesk.page\/hr\/wp-json\/wp\/v2\/product_tag?post=3693305"}],"curies":[{"name":"wp","href":"https:\/\/api.w.org\/{rel}","templated":true}]}}