{"id":3693311,"date":"2025-10-13T13:54:39","date_gmt":"2025-10-13T17:54:39","guid":{"rendered":"https:\/\/stoic-curie.212-227-153-4.plesk.page\/product\/terminal-za-rivijeru-t01\/"},"modified":"2026-02-25T00:01:22","modified_gmt":"2026-02-25T00:01:22","slug":"terminal-za-rivijeru-t01","status":"publish","type":"product","link":"https:\/\/stoic-curie.212-227-153-4.plesk.page\/hr\/product\/terminal-za-rivijeru-t01\/","title":{"rendered":"Terminal za Rivijeru T01"},"content":{"rendered":"<p>Terminal za Rivijeru T01 &#8211; <\/p>\n<p>Navojni prolaz za kabel za mehani\u010dki sustav upravljanja Riviera MD45. Koristi se za pri\u010dvrstiti T01 kabelsku oblogu na tijelo upravlja\u010da, \u010dime se pobolj\u0161ava stabilnost u usporedbi s spojem.<\/p>\n","protected":false},"excerpt":{"rendered":"<p>Terminal za Rivijeru T01 &#8211; Navojni prolaz za kabel za mehani\u010dki sustav upravljanja Riviera MD45. Koristi se za pri\u010dvrstiti T01<\/p>\n","protected":false},"featured_media":5948473,"comment_status":"closed","ping_status":"closed","template":"","meta":[],"product_brand":[3306],"product_cat":[1828],"product_tag":[],"class_list":{"0":"post-3693311","1":"product","2":"type-product","3":"status-publish","4":"has-post-thumbnail","6":"product_brand-riviera-hr","7":"product_cat-kormilarski-uredaji-sa-sajlom","9":"first","10":"instock","11":"shipping-taxable","12":"purchasable","13":"product-type-simple"},"_links":{"self":[{"href":"https:\/\/stoic-curie.212-227-153-4.plesk.page\/hr\/wp-json\/wp\/v2\/product\/3693311","targetHints":{"allow":["GET"]}}],"collection":[{"href":"https:\/\/stoic-curie.212-227-153-4.plesk.page\/hr\/wp-json\/wp\/v2\/product"}],"about":[{"href":"https:\/\/stoic-curie.212-227-153-4.plesk.page\/hr\/wp-json\/wp\/v2\/types\/product"}],"replies":[{"embeddable":true,"href":"https:\/\/stoic-curie.212-227-153-4.plesk.page\/hr\/wp-json\/wp\/v2\/comments?post=3693311"}],"version-history":[{"count":0,"href":"https:\/\/stoic-curie.212-227-153-4.plesk.page\/hr\/wp-json\/wp\/v2\/product\/3693311\/revisions"}],"wp:featuredmedia":[{"embeddable":true,"href":"https:\/\/stoic-curie.212-227-153-4.plesk.page\/hr\/wp-json\/wp\/v2\/media\/5948473"}],"wp:attachment":[{"href":"https:\/\/stoic-curie.212-227-153-4.plesk.page\/hr\/wp-json\/wp\/v2\/media?parent=3693311"}],"wp:term":[{"taxonomy":"product_brand","embeddable":true,"href":"https:\/\/stoic-curie.212-227-153-4.plesk.page\/hr\/wp-json\/wp\/v2\/product_brand?post=3693311"},{"taxonomy":"product_cat","embeddable":true,"href":"https:\/\/stoic-curie.212-227-153-4.plesk.page\/hr\/wp-json\/wp\/v2\/product_cat?post=3693311"},{"taxonomy":"product_tag","embeddable":true,"href":"https:\/\/stoic-curie.212-227-153-4.plesk.page\/hr\/wp-json\/wp\/v2\/product_tag?post=3693311"}],"curies":[{"name":"wp","href":"https:\/\/api.w.org\/{rel}","templated":true}]}}