{"id":3693319,"date":"2025-10-13T13:54:41","date_gmt":"2025-10-13T17:54:41","guid":{"rendered":"https:\/\/stoic-curie.212-227-153-4.plesk.page\/product\/ultraflex-k35\/"},"modified":"2026-02-25T00:01:22","modified_gmt":"2026-02-25T00:01:22","slug":"ultraflex-k35","status":"publish","type":"product","link":"https:\/\/stoic-curie.212-227-153-4.plesk.page\/hr\/product\/ultraflex-k35\/","title":{"rendered":"Ultraflex K35"},"content":{"rendered":"<p>Ultraflex K35 &#8211; <\/p>\n<p>Ure\u0111aj za povezivanje za C5\/C16\/MACH5 kabele na kontrolama s jednim polugom, isklju\u010duju\u0107i B301\/B302\/B103\/B104. Uklju\u010duje dva produ\u017eeta, jedan za kabel akceleratora i jedan za kabel povratne vo\u017enje.<\/p>\n","protected":false},"excerpt":{"rendered":"<p>Ultraflex K35 &#8211; Ure\u0111aj za povezivanje za C5\/C16\/MACH5 kabele na kontrolama s jednim polugom, isklju\u010duju\u0107i B301\/B302\/B103\/B104. Uklju\u010duje dva produ\u017eeta, jedan<\/p>\n","protected":false},"featured_media":5948592,"comment_status":"closed","ping_status":"closed","template":"","meta":[],"product_brand":[3501],"product_cat":[1784,1791],"product_tag":[],"class_list":{"0":"post-3693319","1":"product","2":"type-product","3":"status-publish","4":"has-post-thumbnail","6":"product_brand-ultraflex-uflex-hr","7":"product_cat-morse-kabeli-za-upravljanje-motorom","8":"product_cat-morse-poluge-gasa","10":"first","11":"instock","12":"shipping-taxable","13":"purchasable","14":"product-type-simple"},"_links":{"self":[{"href":"https:\/\/stoic-curie.212-227-153-4.plesk.page\/hr\/wp-json\/wp\/v2\/product\/3693319","targetHints":{"allow":["GET"]}}],"collection":[{"href":"https:\/\/stoic-curie.212-227-153-4.plesk.page\/hr\/wp-json\/wp\/v2\/product"}],"about":[{"href":"https:\/\/stoic-curie.212-227-153-4.plesk.page\/hr\/wp-json\/wp\/v2\/types\/product"}],"replies":[{"embeddable":true,"href":"https:\/\/stoic-curie.212-227-153-4.plesk.page\/hr\/wp-json\/wp\/v2\/comments?post=3693319"}],"version-history":[{"count":0,"href":"https:\/\/stoic-curie.212-227-153-4.plesk.page\/hr\/wp-json\/wp\/v2\/product\/3693319\/revisions"}],"wp:featuredmedia":[{"embeddable":true,"href":"https:\/\/stoic-curie.212-227-153-4.plesk.page\/hr\/wp-json\/wp\/v2\/media\/5948592"}],"wp:attachment":[{"href":"https:\/\/stoic-curie.212-227-153-4.plesk.page\/hr\/wp-json\/wp\/v2\/media?parent=3693319"}],"wp:term":[{"taxonomy":"product_brand","embeddable":true,"href":"https:\/\/stoic-curie.212-227-153-4.plesk.page\/hr\/wp-json\/wp\/v2\/product_brand?post=3693319"},{"taxonomy":"product_cat","embeddable":true,"href":"https:\/\/stoic-curie.212-227-153-4.plesk.page\/hr\/wp-json\/wp\/v2\/product_cat?post=3693319"},{"taxonomy":"product_tag","embeddable":true,"href":"https:\/\/stoic-curie.212-227-153-4.plesk.page\/hr\/wp-json\/wp\/v2\/product_tag?post=3693319"}],"curies":[{"name":"wp","href":"https:\/\/api.w.org\/{rel}","templated":true}]}}