{"id":3693392,"date":"2025-10-13T13:55:03","date_gmt":"2025-10-13T17:55:03","guid":{"rendered":"https:\/\/stoic-curie.212-227-153-4.plesk.page\/product\/crc-6-66-100ml\/"},"modified":"2026-02-25T00:01:22","modified_gmt":"2026-02-25T00:01:22","slug":"crc-6-66-100ml","status":"publish","type":"product","link":"https:\/\/stoic-curie.212-227-153-4.plesk.page\/hr\/product\/crc-6-66-100ml\/","title":{"rendered":"CRC 6-66 100ml"},"content":{"rendered":"<p>CRC 6-66 100ml &#8211; <\/p>\n<p>CRC 6-66 \u0161titi od korozije morske soli, osloba\u0111a, \u010disti i podmazuje sve. Vodoodbojan, hidrofon, ne mijenja provodljivost elektri\u010dnih kontakata.<\/p>\n","protected":false},"excerpt":{"rendered":"<p>CRC 6-66 100ml &#8211; CRC 6-66 \u0161titi od korozije morske soli, osloba\u0111a, \u010disti i podmazuje sve. Vodoodbojan, hidrofon, ne mijenja<\/p>\n","protected":false},"featured_media":5948624,"comment_status":"closed","ping_status":"closed","template":"","meta":[],"product_brand":[2871],"product_cat":[1740,1626],"product_tag":[],"class_list":{"0":"post-3693392","1":"product","2":"type-product","3":"status-publish","4":"has-post-thumbnail","6":"product_brand-crc-marine-hr","7":"product_cat-elektricni-pribor","8":"product_cat-proizvodi-za-odrzavanje","10":"first","11":"instock","12":"shipping-taxable","13":"purchasable","14":"product-type-simple"},"_links":{"self":[{"href":"https:\/\/stoic-curie.212-227-153-4.plesk.page\/hr\/wp-json\/wp\/v2\/product\/3693392","targetHints":{"allow":["GET"]}}],"collection":[{"href":"https:\/\/stoic-curie.212-227-153-4.plesk.page\/hr\/wp-json\/wp\/v2\/product"}],"about":[{"href":"https:\/\/stoic-curie.212-227-153-4.plesk.page\/hr\/wp-json\/wp\/v2\/types\/product"}],"replies":[{"embeddable":true,"href":"https:\/\/stoic-curie.212-227-153-4.plesk.page\/hr\/wp-json\/wp\/v2\/comments?post=3693392"}],"version-history":[{"count":0,"href":"https:\/\/stoic-curie.212-227-153-4.plesk.page\/hr\/wp-json\/wp\/v2\/product\/3693392\/revisions"}],"wp:featuredmedia":[{"embeddable":true,"href":"https:\/\/stoic-curie.212-227-153-4.plesk.page\/hr\/wp-json\/wp\/v2\/media\/5948624"}],"wp:attachment":[{"href":"https:\/\/stoic-curie.212-227-153-4.plesk.page\/hr\/wp-json\/wp\/v2\/media?parent=3693392"}],"wp:term":[{"taxonomy":"product_brand","embeddable":true,"href":"https:\/\/stoic-curie.212-227-153-4.plesk.page\/hr\/wp-json\/wp\/v2\/product_brand?post=3693392"},{"taxonomy":"product_cat","embeddable":true,"href":"https:\/\/stoic-curie.212-227-153-4.plesk.page\/hr\/wp-json\/wp\/v2\/product_cat?post=3693392"},{"taxonomy":"product_tag","embeddable":true,"href":"https:\/\/stoic-curie.212-227-153-4.plesk.page\/hr\/wp-json\/wp\/v2\/product_tag?post=3693392"}],"curies":[{"name":"wp","href":"https:\/\/api.w.org\/{rel}","templated":true}]}}