{"id":3693394,"date":"2025-10-13T13:55:04","date_gmt":"2025-10-13T17:55:04","guid":{"rendered":"https:\/\/stoic-curie.212-227-153-4.plesk.page\/product\/crc-silikonska-mast-400ml\/"},"modified":"2026-02-25T00:01:22","modified_gmt":"2026-02-25T00:01:22","slug":"crc-silikonska-mast-400ml","status":"publish","type":"product","link":"https:\/\/stoic-curie.212-227-153-4.plesk.page\/hr\/product\/crc-silikonska-mast-400ml\/","title":{"rendered":"CRC silikonska mast 400ml"},"content":{"rendered":"<p>CRC silikonska mast 400ml &#8211; <\/p>\n<p>Olak\u0161avaju\u0107i i vodootporni sprej sa silikonskom masno\u0107om s dugotrajnom za\u0161titom. Izolira od plina i morske soli, spre\u010dava koroziju, ne blijedi i ne ostavlja mrlje. Pogodan za metal, drvo, tkanine i gumu.<\/p>\n","protected":false},"excerpt":{"rendered":"<p>CRC silikonska mast 400ml &#8211; Olak\u0161avaju\u0107i i vodootporni sprej sa silikonskom masno\u0107om s dugotrajnom za\u0161titom. Izolira od plina i morske<\/p>\n","protected":false},"featured_media":5948626,"comment_status":"closed","ping_status":"closed","template":"","meta":[],"product_brand":[2871],"product_cat":[1795],"product_tag":[],"class_list":{"0":"post-3693394","1":"product","2":"type-product","3":"status-publish","4":"has-post-thumbnail","6":"product_brand-crc-marine-hr","7":"product_cat-brodska-maziva","9":"first","10":"instock","11":"shipping-taxable","12":"purchasable","13":"product-type-simple"},"_links":{"self":[{"href":"https:\/\/stoic-curie.212-227-153-4.plesk.page\/hr\/wp-json\/wp\/v2\/product\/3693394","targetHints":{"allow":["GET"]}}],"collection":[{"href":"https:\/\/stoic-curie.212-227-153-4.plesk.page\/hr\/wp-json\/wp\/v2\/product"}],"about":[{"href":"https:\/\/stoic-curie.212-227-153-4.plesk.page\/hr\/wp-json\/wp\/v2\/types\/product"}],"replies":[{"embeddable":true,"href":"https:\/\/stoic-curie.212-227-153-4.plesk.page\/hr\/wp-json\/wp\/v2\/comments?post=3693394"}],"version-history":[{"count":0,"href":"https:\/\/stoic-curie.212-227-153-4.plesk.page\/hr\/wp-json\/wp\/v2\/product\/3693394\/revisions"}],"wp:featuredmedia":[{"embeddable":true,"href":"https:\/\/stoic-curie.212-227-153-4.plesk.page\/hr\/wp-json\/wp\/v2\/media\/5948626"}],"wp:attachment":[{"href":"https:\/\/stoic-curie.212-227-153-4.plesk.page\/hr\/wp-json\/wp\/v2\/media?parent=3693394"}],"wp:term":[{"taxonomy":"product_brand","embeddable":true,"href":"https:\/\/stoic-curie.212-227-153-4.plesk.page\/hr\/wp-json\/wp\/v2\/product_brand?post=3693394"},{"taxonomy":"product_cat","embeddable":true,"href":"https:\/\/stoic-curie.212-227-153-4.plesk.page\/hr\/wp-json\/wp\/v2\/product_cat?post=3693394"},{"taxonomy":"product_tag","embeddable":true,"href":"https:\/\/stoic-curie.212-227-153-4.plesk.page\/hr\/wp-json\/wp\/v2\/product_tag?post=3693394"}],"curies":[{"name":"wp","href":"https:\/\/api.w.org\/{rel}","templated":true}]}}