{"id":3693398,"date":"2025-10-13T13:55:05","date_gmt":"2025-10-13T17:55:05","guid":{"rendered":"https:\/\/stoic-curie.212-227-153-4.plesk.page\/product\/wd-40-profesionalni-400ml\/"},"modified":"2026-02-25T00:01:22","modified_gmt":"2026-02-25T00:01:22","slug":"wd-40-profesionalni-400ml","status":"publish","type":"product","link":"https:\/\/stoic-curie.212-227-153-4.plesk.page\/hr\/product\/wd-40-profesionalni-400ml\/","title":{"rendered":"Wd-40 profesionalni 400ml"},"content":{"rendered":"<p>Wd-40 profesionalni 400ml &#8211; <\/p>\n<p>Profesionalni vi\u0161efunkcijski sprej s podesivom mlaznicom. Dielektri\u010dan, podmazuje, otko\u010di, eliminira \u0161kripanje, uklanja vlagu, mast i ljepilo, spre\u010dava hr\u0111u i \u0161titi sve metale, gumu i plastiku.<\/p>\n","protected":false},"excerpt":{"rendered":"<p>Wd-40 profesionalni 400ml &#8211; Profesionalni vi\u0161efunkcijski sprej s podesivom mlaznicom. Dielektri\u010dan, podmazuje, otko\u010di, eliminira \u0161kripanje, uklanja vlagu, mast i ljepilo,<\/p>\n","protected":false},"featured_media":5948630,"comment_status":"closed","ping_status":"closed","template":"","meta":[],"product_brand":[3236],"product_cat":[1795,1626],"product_tag":[],"class_list":{"0":"post-3693398","1":"product","2":"type-product","3":"status-publish","4":"has-post-thumbnail","6":"product_brand-osculati-hr","7":"product_cat-brodska-maziva","8":"product_cat-proizvodi-za-odrzavanje","10":"first","11":"instock","12":"shipping-taxable","13":"purchasable","14":"product-type-simple"},"_links":{"self":[{"href":"https:\/\/stoic-curie.212-227-153-4.plesk.page\/hr\/wp-json\/wp\/v2\/product\/3693398","targetHints":{"allow":["GET"]}}],"collection":[{"href":"https:\/\/stoic-curie.212-227-153-4.plesk.page\/hr\/wp-json\/wp\/v2\/product"}],"about":[{"href":"https:\/\/stoic-curie.212-227-153-4.plesk.page\/hr\/wp-json\/wp\/v2\/types\/product"}],"replies":[{"embeddable":true,"href":"https:\/\/stoic-curie.212-227-153-4.plesk.page\/hr\/wp-json\/wp\/v2\/comments?post=3693398"}],"version-history":[{"count":0,"href":"https:\/\/stoic-curie.212-227-153-4.plesk.page\/hr\/wp-json\/wp\/v2\/product\/3693398\/revisions"}],"wp:featuredmedia":[{"embeddable":true,"href":"https:\/\/stoic-curie.212-227-153-4.plesk.page\/hr\/wp-json\/wp\/v2\/media\/5948630"}],"wp:attachment":[{"href":"https:\/\/stoic-curie.212-227-153-4.plesk.page\/hr\/wp-json\/wp\/v2\/media?parent=3693398"}],"wp:term":[{"taxonomy":"product_brand","embeddable":true,"href":"https:\/\/stoic-curie.212-227-153-4.plesk.page\/hr\/wp-json\/wp\/v2\/product_brand?post=3693398"},{"taxonomy":"product_cat","embeddable":true,"href":"https:\/\/stoic-curie.212-227-153-4.plesk.page\/hr\/wp-json\/wp\/v2\/product_cat?post=3693398"},{"taxonomy":"product_tag","embeddable":true,"href":"https:\/\/stoic-curie.212-227-153-4.plesk.page\/hr\/wp-json\/wp\/v2\/product_tag?post=3693398"}],"curies":[{"name":"wp","href":"https:\/\/api.w.org\/{rel}","templated":true}]}}