{"id":3693400,"date":"2025-10-13T13:55:05","date_gmt":"2025-10-13T17:55:05","guid":{"rendered":"https:\/\/stoic-curie.212-227-153-4.plesk.page\/product\/wd-40-mast-400ml\/"},"modified":"2026-02-25T00:01:22","modified_gmt":"2026-02-25T00:01:22","slug":"wd-40-mast-400ml","status":"publish","type":"product","link":"https:\/\/stoic-curie.212-227-153-4.plesk.page\/hr\/product\/wd-40-mast-400ml\/","title":{"rendered":"Wd-40 mast 400ml"},"content":{"rendered":"<p>Wd-40 mast 400ml &#8211; <\/p>\n<p>Sprej za mast visokih performansi s podesivim nastavkom. Podmazuje, dugo se dr\u017ei, brtvi i \u0161titi od korozije. Ne kaplje i otporan je na vodu \u010dak i na vertikalnim povr\u0161inama. U\u010dinkovit do 115 \u00b0C, idealan je za \u0161arke, vijke, vodilice, valjke, lance, kabele, zup\u010danike, le\u017eajeve i alate.<\/p>\n","protected":false},"excerpt":{"rendered":"<p>Wd-40 mast 400ml &#8211; Sprej za mast visokih performansi s podesivim nastavkom. Podmazuje, dugo se dr\u017ei, brtvi i \u0161titi od<\/p>\n","protected":false},"featured_media":5948632,"comment_status":"closed","ping_status":"closed","template":"","meta":[],"product_brand":[3236],"product_cat":[1795],"product_tag":[],"class_list":{"0":"post-3693400","1":"product","2":"type-product","3":"status-publish","4":"has-post-thumbnail","6":"product_brand-osculati-hr","7":"product_cat-brodska-maziva","9":"first","10":"instock","11":"shipping-taxable","12":"purchasable","13":"product-type-simple"},"_links":{"self":[{"href":"https:\/\/stoic-curie.212-227-153-4.plesk.page\/hr\/wp-json\/wp\/v2\/product\/3693400","targetHints":{"allow":["GET"]}}],"collection":[{"href":"https:\/\/stoic-curie.212-227-153-4.plesk.page\/hr\/wp-json\/wp\/v2\/product"}],"about":[{"href":"https:\/\/stoic-curie.212-227-153-4.plesk.page\/hr\/wp-json\/wp\/v2\/types\/product"}],"replies":[{"embeddable":true,"href":"https:\/\/stoic-curie.212-227-153-4.plesk.page\/hr\/wp-json\/wp\/v2\/comments?post=3693400"}],"version-history":[{"count":0,"href":"https:\/\/stoic-curie.212-227-153-4.plesk.page\/hr\/wp-json\/wp\/v2\/product\/3693400\/revisions"}],"wp:featuredmedia":[{"embeddable":true,"href":"https:\/\/stoic-curie.212-227-153-4.plesk.page\/hr\/wp-json\/wp\/v2\/media\/5948632"}],"wp:attachment":[{"href":"https:\/\/stoic-curie.212-227-153-4.plesk.page\/hr\/wp-json\/wp\/v2\/media?parent=3693400"}],"wp:term":[{"taxonomy":"product_brand","embeddable":true,"href":"https:\/\/stoic-curie.212-227-153-4.plesk.page\/hr\/wp-json\/wp\/v2\/product_brand?post=3693400"},{"taxonomy":"product_cat","embeddable":true,"href":"https:\/\/stoic-curie.212-227-153-4.plesk.page\/hr\/wp-json\/wp\/v2\/product_cat?post=3693400"},{"taxonomy":"product_tag","embeddable":true,"href":"https:\/\/stoic-curie.212-227-153-4.plesk.page\/hr\/wp-json\/wp\/v2\/product_tag?post=3693400"}],"curies":[{"name":"wp","href":"https:\/\/api.w.org\/{rel}","templated":true}]}}