{"id":3693401,"date":"2025-10-13T13:55:05","date_gmt":"2025-10-13T17:55:05","guid":{"rendered":"https:\/\/stoic-curie.212-227-153-4.plesk.page\/product\/wd-40-elektricni-kontaktni-cistac-400ml\/"},"modified":"2026-02-25T00:01:22","modified_gmt":"2026-02-25T00:01:22","slug":"wd-40-elektricni-kontaktni-cistac-400ml","status":"publish","type":"product","link":"https:\/\/stoic-curie.212-227-153-4.plesk.page\/hr\/product\/wd-40-elektricni-kontaktni-cistac-400ml\/","title":{"rendered":"Wd-40 elektricni kontaktni \u010distac 400ml"},"content":{"rendered":"<p>Wd-40 elektricni kontaktni \u010distac 400ml &#8211; <\/p>\n<p>Brzo su\u0161e\u0107i kontaktni \u010dista\u010d s prilagodljivom mlaznicom. Rje\u0161ava mast, prljav\u0161tinu, kondenzaciju i ostatke zavarivanja na kontaktima, sklopovima, upravlja\u010dima, prekida\u010dima i svim elektri\u010dnim i elektroni\u010dkim ure\u0111ajima. Dielektri\u010dni, \u0161titi metal, plastiku i gumu te ne ostavlja ostatke.<\/p>\n","protected":false},"excerpt":{"rendered":"<p>Wd-40 elektricni kontaktni \u010distac 400ml &#8211; Brzo su\u0161e\u0107i kontaktni \u010dista\u010d s prilagodljivom mlaznicom. Rje\u0161ava mast, prljav\u0161tinu, kondenzaciju i ostatke zavarivanja<\/p>\n","protected":false},"featured_media":5948634,"comment_status":"closed","ping_status":"closed","template":"","meta":[],"product_brand":[3236],"product_cat":[1740,1626],"product_tag":[],"class_list":{"0":"post-3693401","1":"product","2":"type-product","3":"status-publish","4":"has-post-thumbnail","6":"product_brand-osculati-hr","7":"product_cat-elektricni-pribor","8":"product_cat-proizvodi-za-odrzavanje","10":"first","11":"instock","12":"shipping-taxable","13":"purchasable","14":"product-type-simple"},"_links":{"self":[{"href":"https:\/\/stoic-curie.212-227-153-4.plesk.page\/hr\/wp-json\/wp\/v2\/product\/3693401","targetHints":{"allow":["GET"]}}],"collection":[{"href":"https:\/\/stoic-curie.212-227-153-4.plesk.page\/hr\/wp-json\/wp\/v2\/product"}],"about":[{"href":"https:\/\/stoic-curie.212-227-153-4.plesk.page\/hr\/wp-json\/wp\/v2\/types\/product"}],"replies":[{"embeddable":true,"href":"https:\/\/stoic-curie.212-227-153-4.plesk.page\/hr\/wp-json\/wp\/v2\/comments?post=3693401"}],"version-history":[{"count":0,"href":"https:\/\/stoic-curie.212-227-153-4.plesk.page\/hr\/wp-json\/wp\/v2\/product\/3693401\/revisions"}],"wp:featuredmedia":[{"embeddable":true,"href":"https:\/\/stoic-curie.212-227-153-4.plesk.page\/hr\/wp-json\/wp\/v2\/media\/5948634"}],"wp:attachment":[{"href":"https:\/\/stoic-curie.212-227-153-4.plesk.page\/hr\/wp-json\/wp\/v2\/media?parent=3693401"}],"wp:term":[{"taxonomy":"product_brand","embeddable":true,"href":"https:\/\/stoic-curie.212-227-153-4.plesk.page\/hr\/wp-json\/wp\/v2\/product_brand?post=3693401"},{"taxonomy":"product_cat","embeddable":true,"href":"https:\/\/stoic-curie.212-227-153-4.plesk.page\/hr\/wp-json\/wp\/v2\/product_cat?post=3693401"},{"taxonomy":"product_tag","embeddable":true,"href":"https:\/\/stoic-curie.212-227-153-4.plesk.page\/hr\/wp-json\/wp\/v2\/product_tag?post=3693401"}],"curies":[{"name":"wp","href":"https:\/\/api.w.org\/{rel}","templated":true}]}}