{"id":3693402,"date":"2025-10-13T13:55:06","date_gmt":"2025-10-13T17:55:06","guid":{"rendered":"https:\/\/stoic-curie.212-227-153-4.plesk.page\/product\/teflub-ptfe-mast-125ml\/"},"modified":"2026-02-25T00:01:22","modified_gmt":"2026-02-25T00:01:22","slug":"teflub-ptfe-mast-125ml","status":"publish","type":"product","link":"https:\/\/stoic-curie.212-227-153-4.plesk.page\/hr\/product\/teflub-ptfe-mast-125ml\/","title":{"rendered":"Teflub ptfe mast 125ml"},"content":{"rendered":"<p>Teflub ptfe mast 125ml &#8211; <\/p>\n<p>Teflub je bijela mast na bazi \u010dvrstog PTFE maziva s produljenim djelovanjem. Smanjuje koeficijent trenja i jam\u010di mehani\u010dke u\u010dinke protiv tro\u0161enja i blokiranja. Sadr\u017ei inhibitore korozije i otporna je na ispiranje \u010dak i na visokim temperaturama do 90 \u00b0C. Radna temperatura od -20 do +160 \u00b0C. Specifi\u010dna za metalne i plasti\u010dne spojeve, za hardver, brodske motore i sve elemente izlo\u017eene kondenzaciji, ki\u0161i ili vodenim mlazovima.<\/p>\n","protected":false},"excerpt":{"rendered":"<p>Teflub ptfe mast 125ml &#8211; Teflub je bijela mast na bazi \u010dvrstog PTFE maziva s produljenim djelovanjem. Smanjuje koeficijent trenja<\/p>\n","protected":false},"featured_media":5944749,"comment_status":"closed","ping_status":"closed","template":"","meta":[],"product_brand":[2871],"product_cat":[1795,1626],"product_tag":[],"class_list":{"0":"post-3693402","1":"product","2":"type-product","3":"status-publish","4":"has-post-thumbnail","6":"product_brand-crc-marine-hr","7":"product_cat-brodska-maziva","8":"product_cat-proizvodi-za-odrzavanje","10":"first","11":"instock","12":"shipping-taxable","13":"purchasable","14":"product-type-simple"},"_links":{"self":[{"href":"https:\/\/stoic-curie.212-227-153-4.plesk.page\/hr\/wp-json\/wp\/v2\/product\/3693402","targetHints":{"allow":["GET"]}}],"collection":[{"href":"https:\/\/stoic-curie.212-227-153-4.plesk.page\/hr\/wp-json\/wp\/v2\/product"}],"about":[{"href":"https:\/\/stoic-curie.212-227-153-4.plesk.page\/hr\/wp-json\/wp\/v2\/types\/product"}],"replies":[{"embeddable":true,"href":"https:\/\/stoic-curie.212-227-153-4.plesk.page\/hr\/wp-json\/wp\/v2\/comments?post=3693402"}],"version-history":[{"count":0,"href":"https:\/\/stoic-curie.212-227-153-4.plesk.page\/hr\/wp-json\/wp\/v2\/product\/3693402\/revisions"}],"wp:featuredmedia":[{"embeddable":true,"href":"https:\/\/stoic-curie.212-227-153-4.plesk.page\/hr\/wp-json\/wp\/v2\/media\/5944749"}],"wp:attachment":[{"href":"https:\/\/stoic-curie.212-227-153-4.plesk.page\/hr\/wp-json\/wp\/v2\/media?parent=3693402"}],"wp:term":[{"taxonomy":"product_brand","embeddable":true,"href":"https:\/\/stoic-curie.212-227-153-4.plesk.page\/hr\/wp-json\/wp\/v2\/product_brand?post=3693402"},{"taxonomy":"product_cat","embeddable":true,"href":"https:\/\/stoic-curie.212-227-153-4.plesk.page\/hr\/wp-json\/wp\/v2\/product_cat?post=3693402"},{"taxonomy":"product_tag","embeddable":true,"href":"https:\/\/stoic-curie.212-227-153-4.plesk.page\/hr\/wp-json\/wp\/v2\/product_tag?post=3693402"}],"curies":[{"name":"wp","href":"https:\/\/api.w.org\/{rel}","templated":true}]}}