{"id":3693404,"date":"2025-10-13T13:55:06","date_gmt":"2025-10-13T17:55:06","guid":{"rendered":"https:\/\/stoic-curie.212-227-153-4.plesk.page\/product\/tk-gelcoat-sprej-400ml-boja-cisto-bijela\/"},"modified":"2026-02-25T00:01:22","modified_gmt":"2026-02-25T00:01:22","slug":"tk-gelcoat-sprej-400ml-boja-cisto-bijela","status":"publish","type":"product","link":"https:\/\/stoic-curie.212-227-153-4.plesk.page\/hr\/product\/tk-gelcoat-sprej-400ml-boja-cisto-bijela\/","title":{"rendered":"Tk gelcoat sprej 400ml boja \u010disto bijela"},"content":{"rendered":"<p>Tk gelcoat sprej 400ml boja \u010disto bijela &#8211; <\/p>\n<p>Visokodenzivna sprej boja za stakloplastiku obra\u0111enu gelkoteom i poliester smolom. Obnavlja obra\u0111ene povr\u0161ine ravnomjerno i omogu\u0107ava brzo prekrivanje izravnavanjem pora.<\/p>\n","protected":false},"excerpt":{"rendered":"<p>Tk gelcoat sprej 400ml boja \u010disto bijela &#8211; Visokodenzivna sprej boja za stakloplastiku obra\u0111enu gelkoteom i poliester smolom. Obnavlja obra\u0111ene<\/p>\n","protected":false},"featured_media":5948637,"comment_status":"closed","ping_status":"closed","template":"","meta":[],"product_brand":[3401],"product_cat":[1634],"product_tag":[],"class_list":{"0":"post-3693404","1":"product","2":"type-product","3":"status-publish","4":"has-post-thumbnail","6":"product_brand-silpar-tk-hr","7":"product_cat-brodske-boje","9":"first","10":"instock","11":"shipping-taxable","12":"purchasable","13":"product-type-simple"},"_links":{"self":[{"href":"https:\/\/stoic-curie.212-227-153-4.plesk.page\/hr\/wp-json\/wp\/v2\/product\/3693404","targetHints":{"allow":["GET"]}}],"collection":[{"href":"https:\/\/stoic-curie.212-227-153-4.plesk.page\/hr\/wp-json\/wp\/v2\/product"}],"about":[{"href":"https:\/\/stoic-curie.212-227-153-4.plesk.page\/hr\/wp-json\/wp\/v2\/types\/product"}],"replies":[{"embeddable":true,"href":"https:\/\/stoic-curie.212-227-153-4.plesk.page\/hr\/wp-json\/wp\/v2\/comments?post=3693404"}],"version-history":[{"count":0,"href":"https:\/\/stoic-curie.212-227-153-4.plesk.page\/hr\/wp-json\/wp\/v2\/product\/3693404\/revisions"}],"wp:featuredmedia":[{"embeddable":true,"href":"https:\/\/stoic-curie.212-227-153-4.plesk.page\/hr\/wp-json\/wp\/v2\/media\/5948637"}],"wp:attachment":[{"href":"https:\/\/stoic-curie.212-227-153-4.plesk.page\/hr\/wp-json\/wp\/v2\/media?parent=3693404"}],"wp:term":[{"taxonomy":"product_brand","embeddable":true,"href":"https:\/\/stoic-curie.212-227-153-4.plesk.page\/hr\/wp-json\/wp\/v2\/product_brand?post=3693404"},{"taxonomy":"product_cat","embeddable":true,"href":"https:\/\/stoic-curie.212-227-153-4.plesk.page\/hr\/wp-json\/wp\/v2\/product_cat?post=3693404"},{"taxonomy":"product_tag","embeddable":true,"href":"https:\/\/stoic-curie.212-227-153-4.plesk.page\/hr\/wp-json\/wp\/v2\/product_tag?post=3693404"}],"curies":[{"name":"wp","href":"https:\/\/api.w.org\/{rel}","templated":true}]}}