{"id":3693405,"date":"2025-10-13T13:55:06","date_gmt":"2025-10-13T17:55:06","guid":{"rendered":"https:\/\/stoic-curie.212-227-153-4.plesk.page\/product\/riggers-traka-bijela-10mt-x-h25mm\/"},"modified":"2026-02-25T00:01:22","modified_gmt":"2026-02-25T00:01:22","slug":"riggers-traka-bijela-10mt-x-h25mm","status":"publish","type":"product","link":"https:\/\/stoic-curie.212-227-153-4.plesk.page\/hr\/product\/riggers-traka-bijela-10mt-x-h25mm\/","title":{"rendered":"Riggers traka bijela 10mt x H25mm"},"content":{"rendered":"<p>Riggers traka bijela 10mt x H25mm &#8211; <\/p>\n<p>Klasi\u010dna Riggers traka za prekrivanje i za\u0161titu zavr\u0161etaka \u017eica i zateza\u010da.<\/p>\n","protected":false},"excerpt":{"rendered":"<p>Riggers traka bijela 10mt x H25mm &#8211; Klasi\u010dna Riggers traka za prekrivanje i za\u0161titu zavr\u0161etaka \u017eica i zateza\u010da.<\/p>\n","protected":false},"featured_media":5948638,"comment_status":"closed","ping_status":"closed","template":"","meta":[],"product_brand":[3236],"product_cat":[1771,1627],"product_tag":[],"class_list":{"0":"post-3693405","1":"product","2":"type-product","3":"status-publish","4":"has-post-thumbnail","6":"product_brand-osculati-hr","7":"product_cat-oprema-za-jedrilice-oprema-za-jedrilice","8":"product_cat-vrpce-za-popravak","10":"first","11":"instock","12":"shipping-taxable","13":"purchasable","14":"product-type-simple"},"_links":{"self":[{"href":"https:\/\/stoic-curie.212-227-153-4.plesk.page\/hr\/wp-json\/wp\/v2\/product\/3693405","targetHints":{"allow":["GET"]}}],"collection":[{"href":"https:\/\/stoic-curie.212-227-153-4.plesk.page\/hr\/wp-json\/wp\/v2\/product"}],"about":[{"href":"https:\/\/stoic-curie.212-227-153-4.plesk.page\/hr\/wp-json\/wp\/v2\/types\/product"}],"replies":[{"embeddable":true,"href":"https:\/\/stoic-curie.212-227-153-4.plesk.page\/hr\/wp-json\/wp\/v2\/comments?post=3693405"}],"version-history":[{"count":0,"href":"https:\/\/stoic-curie.212-227-153-4.plesk.page\/hr\/wp-json\/wp\/v2\/product\/3693405\/revisions"}],"wp:featuredmedia":[{"embeddable":true,"href":"https:\/\/stoic-curie.212-227-153-4.plesk.page\/hr\/wp-json\/wp\/v2\/media\/5948638"}],"wp:attachment":[{"href":"https:\/\/stoic-curie.212-227-153-4.plesk.page\/hr\/wp-json\/wp\/v2\/media?parent=3693405"}],"wp:term":[{"taxonomy":"product_brand","embeddable":true,"href":"https:\/\/stoic-curie.212-227-153-4.plesk.page\/hr\/wp-json\/wp\/v2\/product_brand?post=3693405"},{"taxonomy":"product_cat","embeddable":true,"href":"https:\/\/stoic-curie.212-227-153-4.plesk.page\/hr\/wp-json\/wp\/v2\/product_cat?post=3693405"},{"taxonomy":"product_tag","embeddable":true,"href":"https:\/\/stoic-curie.212-227-153-4.plesk.page\/hr\/wp-json\/wp\/v2\/product_tag?post=3693405"}],"curies":[{"name":"wp","href":"https:\/\/api.w.org\/{rel}","templated":true}]}}