{"id":3693418,"date":"2025-10-13T13:55:08","date_gmt":"2025-10-13T17:55:08","guid":{"rendered":"https:\/\/stoic-curie.212-227-153-4.plesk.page\/product\/sprej-boja-tk-zuti-fluo\/"},"modified":"2026-02-25T00:01:22","modified_gmt":"2026-02-25T00:01:22","slug":"sprej-boja-tk-zuti-fluo","status":"publish","type":"product","link":"https:\/\/stoic-curie.212-227-153-4.plesk.page\/hr\/product\/sprej-boja-tk-zuti-fluo\/","title":{"rendered":"Sprej boja Tk \u017euti fluo"},"content":{"rendered":"<p>Sprej boja Tk \u017euti fluo &#8211; <\/p>\n<p>Brzosu\u0161e\u0107e sprejeve odobrene od strane proizvo\u0111a\u010da motora za dotjerivanje i bojenje morski motora. Sprej limenke od 400 ml.<\/p>\n","protected":false},"excerpt":{"rendered":"<p>Sprej boja Tk \u017euti fluo &#8211; Brzosu\u0161e\u0107e sprejeve odobrene od strane proizvo\u0111a\u010da motora za dotjerivanje i bojenje morski motora. Sprej<\/p>\n","protected":false},"featured_media":5940705,"comment_status":"closed","ping_status":"closed","template":"","meta":[],"product_brand":[3401],"product_cat":[1634],"product_tag":[],"class_list":{"0":"post-3693418","1":"product","2":"type-product","3":"status-publish","4":"has-post-thumbnail","6":"product_brand-silpar-tk-hr","7":"product_cat-brodske-boje","9":"first","10":"instock","11":"shipping-taxable","12":"purchasable","13":"product-type-simple"},"_links":{"self":[{"href":"https:\/\/stoic-curie.212-227-153-4.plesk.page\/hr\/wp-json\/wp\/v2\/product\/3693418","targetHints":{"allow":["GET"]}}],"collection":[{"href":"https:\/\/stoic-curie.212-227-153-4.plesk.page\/hr\/wp-json\/wp\/v2\/product"}],"about":[{"href":"https:\/\/stoic-curie.212-227-153-4.plesk.page\/hr\/wp-json\/wp\/v2\/types\/product"}],"replies":[{"embeddable":true,"href":"https:\/\/stoic-curie.212-227-153-4.plesk.page\/hr\/wp-json\/wp\/v2\/comments?post=3693418"}],"version-history":[{"count":0,"href":"https:\/\/stoic-curie.212-227-153-4.plesk.page\/hr\/wp-json\/wp\/v2\/product\/3693418\/revisions"}],"wp:featuredmedia":[{"embeddable":true,"href":"https:\/\/stoic-curie.212-227-153-4.plesk.page\/hr\/wp-json\/wp\/v2\/media\/5940705"}],"wp:attachment":[{"href":"https:\/\/stoic-curie.212-227-153-4.plesk.page\/hr\/wp-json\/wp\/v2\/media?parent=3693418"}],"wp:term":[{"taxonomy":"product_brand","embeddable":true,"href":"https:\/\/stoic-curie.212-227-153-4.plesk.page\/hr\/wp-json\/wp\/v2\/product_brand?post=3693418"},{"taxonomy":"product_cat","embeddable":true,"href":"https:\/\/stoic-curie.212-227-153-4.plesk.page\/hr\/wp-json\/wp\/v2\/product_cat?post=3693418"},{"taxonomy":"product_tag","embeddable":true,"href":"https:\/\/stoic-curie.212-227-153-4.plesk.page\/hr\/wp-json\/wp\/v2\/product_tag?post=3693418"}],"curies":[{"name":"wp","href":"https:\/\/api.w.org\/{rel}","templated":true}]}}