{"id":3693430,"date":"2025-10-13T13:55:10","date_gmt":"2025-10-13T17:55:10","guid":{"rendered":"https:\/\/stoic-curie.212-227-153-4.plesk.page\/product\/boja-motora-tk-bijela-71-80-za-johnsona-evinrudea\/"},"modified":"2026-02-25T00:01:22","modified_gmt":"2026-02-25T00:01:22","slug":"boja-motora-tk-bijela-71-80-za-johnsona-evinrudea","status":"publish","type":"product","link":"https:\/\/stoic-curie.212-227-153-4.plesk.page\/hr\/product\/boja-motora-tk-bijela-71-80-za-johnsona-evinrudea\/","title":{"rendered":"Boja motora Tk bijela 71-80 za Johnsona Evinrudea"},"content":{"rendered":"<p>Boja motora Tk bijela 71-80 za Johnsona Evinrudea &#8211; <\/p>\n<p>Brzosu\u0161e\u0107e sprejevi za bojenje koje su odobrili proizvo\u0111a\u010di motora za retu\u0161iranje i bojenje pomorskih motora. Sprejevi od 400 ml.<\/p>\n","protected":false},"excerpt":{"rendered":"<p>Boja motora Tk bijela 71-80 za Johnsona Evinrudea &#8211; Brzosu\u0161e\u0107e sprejevi za bojenje koje su odobrili proizvo\u0111a\u010di motora za retu\u0161iranje<\/p>\n","protected":false},"featured_media":5940705,"comment_status":"closed","ping_status":"closed","template":"","meta":[],"product_brand":[3401],"product_cat":[1634,1821],"product_tag":[],"class_list":{"0":"post-3693430","1":"product","2":"type-product","3":"status-publish","4":"has-post-thumbnail","6":"product_brand-silpar-tk-hr","7":"product_cat-brodske-boje","8":"product_cat-rezervni-dijelovi-za-vanbrodske-motore-johnson-i-evinrude","10":"first","11":"instock","12":"shipping-taxable","13":"purchasable","14":"product-type-simple"},"_links":{"self":[{"href":"https:\/\/stoic-curie.212-227-153-4.plesk.page\/hr\/wp-json\/wp\/v2\/product\/3693430","targetHints":{"allow":["GET"]}}],"collection":[{"href":"https:\/\/stoic-curie.212-227-153-4.plesk.page\/hr\/wp-json\/wp\/v2\/product"}],"about":[{"href":"https:\/\/stoic-curie.212-227-153-4.plesk.page\/hr\/wp-json\/wp\/v2\/types\/product"}],"replies":[{"embeddable":true,"href":"https:\/\/stoic-curie.212-227-153-4.plesk.page\/hr\/wp-json\/wp\/v2\/comments?post=3693430"}],"version-history":[{"count":0,"href":"https:\/\/stoic-curie.212-227-153-4.plesk.page\/hr\/wp-json\/wp\/v2\/product\/3693430\/revisions"}],"wp:featuredmedia":[{"embeddable":true,"href":"https:\/\/stoic-curie.212-227-153-4.plesk.page\/hr\/wp-json\/wp\/v2\/media\/5940705"}],"wp:attachment":[{"href":"https:\/\/stoic-curie.212-227-153-4.plesk.page\/hr\/wp-json\/wp\/v2\/media?parent=3693430"}],"wp:term":[{"taxonomy":"product_brand","embeddable":true,"href":"https:\/\/stoic-curie.212-227-153-4.plesk.page\/hr\/wp-json\/wp\/v2\/product_brand?post=3693430"},{"taxonomy":"product_cat","embeddable":true,"href":"https:\/\/stoic-curie.212-227-153-4.plesk.page\/hr\/wp-json\/wp\/v2\/product_cat?post=3693430"},{"taxonomy":"product_tag","embeddable":true,"href":"https:\/\/stoic-curie.212-227-153-4.plesk.page\/hr\/wp-json\/wp\/v2\/product_tag?post=3693430"}],"curies":[{"name":"wp","href":"https:\/\/api.w.org\/{rel}","templated":true}]}}