{"id":3693435,"date":"2025-10-13T13:55:11","date_gmt":"2025-10-13T17:55:11","guid":{"rendered":"https:\/\/stoic-curie.212-227-153-4.plesk.page\/product\/boja-motora-tk-srebrna-za-johnsona\/"},"modified":"2026-02-25T00:01:22","modified_gmt":"2026-02-25T00:01:22","slug":"boja-motora-tk-srebrna-za-johnsona","status":"publish","type":"product","link":"https:\/\/stoic-curie.212-227-153-4.plesk.page\/hr\/product\/boja-motora-tk-srebrna-za-johnsona\/","title":{"rendered":"Boja motora Tk srebrna za Johnsona"},"content":{"rendered":"<p>Boja motora Tk srebrna za Johnsona &#8211; <\/p>\n<p>Brzo su\u0161e\u0107e sprejevi odobreni od strane proizvo\u0111a\u010da motora za dotjerivanje i bojanje pomorskih motora. Sprejevi od 400 ml.<\/p>\n","protected":false},"excerpt":{"rendered":"<p>Boja motora Tk srebrna za Johnsona &#8211; Brzo su\u0161e\u0107e sprejevi odobreni od strane proizvo\u0111a\u010da motora za dotjerivanje i bojanje pomorskih<\/p>\n","protected":false},"featured_media":5940705,"comment_status":"closed","ping_status":"closed","template":"","meta":[],"product_brand":[3401],"product_cat":[1634,1821],"product_tag":[],"class_list":{"0":"post-3693435","1":"product","2":"type-product","3":"status-publish","4":"has-post-thumbnail","6":"product_brand-silpar-tk-hr","7":"product_cat-brodske-boje","8":"product_cat-rezervni-dijelovi-za-vanbrodske-motore-johnson-i-evinrude","10":"first","11":"instock","12":"shipping-taxable","13":"purchasable","14":"product-type-simple"},"_links":{"self":[{"href":"https:\/\/stoic-curie.212-227-153-4.plesk.page\/hr\/wp-json\/wp\/v2\/product\/3693435","targetHints":{"allow":["GET"]}}],"collection":[{"href":"https:\/\/stoic-curie.212-227-153-4.plesk.page\/hr\/wp-json\/wp\/v2\/product"}],"about":[{"href":"https:\/\/stoic-curie.212-227-153-4.plesk.page\/hr\/wp-json\/wp\/v2\/types\/product"}],"replies":[{"embeddable":true,"href":"https:\/\/stoic-curie.212-227-153-4.plesk.page\/hr\/wp-json\/wp\/v2\/comments?post=3693435"}],"version-history":[{"count":0,"href":"https:\/\/stoic-curie.212-227-153-4.plesk.page\/hr\/wp-json\/wp\/v2\/product\/3693435\/revisions"}],"wp:featuredmedia":[{"embeddable":true,"href":"https:\/\/stoic-curie.212-227-153-4.plesk.page\/hr\/wp-json\/wp\/v2\/media\/5940705"}],"wp:attachment":[{"href":"https:\/\/stoic-curie.212-227-153-4.plesk.page\/hr\/wp-json\/wp\/v2\/media?parent=3693435"}],"wp:term":[{"taxonomy":"product_brand","embeddable":true,"href":"https:\/\/stoic-curie.212-227-153-4.plesk.page\/hr\/wp-json\/wp\/v2\/product_brand?post=3693435"},{"taxonomy":"product_cat","embeddable":true,"href":"https:\/\/stoic-curie.212-227-153-4.plesk.page\/hr\/wp-json\/wp\/v2\/product_cat?post=3693435"},{"taxonomy":"product_tag","embeddable":true,"href":"https:\/\/stoic-curie.212-227-153-4.plesk.page\/hr\/wp-json\/wp\/v2\/product_tag?post=3693435"}],"curies":[{"name":"wp","href":"https:\/\/api.w.org\/{rel}","templated":true}]}}