{"id":3693461,"date":"2025-10-13T13:55:15","date_gmt":"2025-10-13T17:55:15","guid":{"rendered":"https:\/\/stoic-curie.212-227-153-4.plesk.page\/product\/iosso-brzi-sjaj-k1-pasta-za-poliranje-500ml\/"},"modified":"2026-02-25T00:01:22","modified_gmt":"2026-02-25T00:01:22","slug":"iosso-brzi-sjaj-k1-pasta-za-poliranje-500ml","status":"publish","type":"product","link":"https:\/\/stoic-curie.212-227-153-4.plesk.page\/hr\/product\/iosso-brzi-sjaj-k1-pasta-za-poliranje-500ml\/","title":{"rendered":"Iosso brzi sjaj k1 pasta za poliranje 500ml"},"content":{"rendered":"<p>Iosso brzi sjaj k1 pasta za poliranje 500ml &#8211; <\/p>\n<p>Lagano abrazivna krema za \u010di\u0161\u0107enje i poliranje tvrdih ili prozirnih povr\u0161ina kao \u0161to su gelcoat, lakirani metali, akril i stakloplastika. Uklanja povr\u0161insko izbljedjivanje i oksidaciju te ostavlja dugotrajni sjajni za\u0161titni sloj.<\/p>\n","protected":false},"excerpt":{"rendered":"<p>Iosso brzi sjaj k1 pasta za poliranje 500ml &#8211; Lagano abrazivna krema za \u010di\u0161\u0107enje i poliranje tvrdih ili prozirnih povr\u0161ina<\/p>\n","protected":false},"featured_media":5948649,"comment_status":"closed","ping_status":"closed","template":"","meta":[],"product_brand":[3021],"product_cat":[1628,1626],"product_tag":[],"class_list":{"0":"post-3693461","1":"product","2":"type-product","3":"status-publish","4":"has-post-thumbnail","6":"product_brand-iosso-hr","7":"product_cat-proizvodi-za-ciscenje","8":"product_cat-proizvodi-za-odrzavanje","10":"first","11":"instock","12":"shipping-taxable","13":"purchasable","14":"product-type-simple"},"_links":{"self":[{"href":"https:\/\/stoic-curie.212-227-153-4.plesk.page\/hr\/wp-json\/wp\/v2\/product\/3693461","targetHints":{"allow":["GET"]}}],"collection":[{"href":"https:\/\/stoic-curie.212-227-153-4.plesk.page\/hr\/wp-json\/wp\/v2\/product"}],"about":[{"href":"https:\/\/stoic-curie.212-227-153-4.plesk.page\/hr\/wp-json\/wp\/v2\/types\/product"}],"replies":[{"embeddable":true,"href":"https:\/\/stoic-curie.212-227-153-4.plesk.page\/hr\/wp-json\/wp\/v2\/comments?post=3693461"}],"version-history":[{"count":0,"href":"https:\/\/stoic-curie.212-227-153-4.plesk.page\/hr\/wp-json\/wp\/v2\/product\/3693461\/revisions"}],"wp:featuredmedia":[{"embeddable":true,"href":"https:\/\/stoic-curie.212-227-153-4.plesk.page\/hr\/wp-json\/wp\/v2\/media\/5948649"}],"wp:attachment":[{"href":"https:\/\/stoic-curie.212-227-153-4.plesk.page\/hr\/wp-json\/wp\/v2\/media?parent=3693461"}],"wp:term":[{"taxonomy":"product_brand","embeddable":true,"href":"https:\/\/stoic-curie.212-227-153-4.plesk.page\/hr\/wp-json\/wp\/v2\/product_brand?post=3693461"},{"taxonomy":"product_cat","embeddable":true,"href":"https:\/\/stoic-curie.212-227-153-4.plesk.page\/hr\/wp-json\/wp\/v2\/product_cat?post=3693461"},{"taxonomy":"product_tag","embeddable":true,"href":"https:\/\/stoic-curie.212-227-153-4.plesk.page\/hr\/wp-json\/wp\/v2\/product_tag?post=3693461"}],"curies":[{"name":"wp","href":"https:\/\/api.w.org\/{rel}","templated":true}]}}