{"id":3693464,"date":"2025-10-13T13:55:15","date_gmt":"2025-10-13T17:55:15","guid":{"rendered":"https:\/\/stoic-curie.212-227-153-4.plesk.page\/product\/nauticki-deterdzent-em-forte-pakiranje-sprej-boca-750-ml\/"},"modified":"2026-02-25T00:01:22","modified_gmt":"2026-02-25T00:01:22","slug":"nauticki-deterdzent-em-forte-pakiranje-sprej-boca-750-ml","status":"publish","type":"product","link":"https:\/\/stoic-curie.212-227-153-4.plesk.page\/hr\/product\/nauticki-deterdzent-em-forte-pakiranje-sprej-boca-750-ml\/","title":{"rendered":"Nauticki deterd\u017eent Em forte pakiranje sprej boca 750 ml"},"content":{"rendered":"<p>Nauticki deterd\u017eent Em forte pakiranje sprej boca 750 ml  &#8211; <\/p>\n<p>Mo\u0107no sredstvo za \u010di\u0161\u0107enje za stakloplastiku, aluminij i obojene povr\u0161ine, blatobrane i sjedala. Jednostavno nanesite, ostavite da djeluje 3 minute, zatim obri\u0161ite i isperite vodom.<\/p>\n","protected":false},"excerpt":{"rendered":"<p>Nauticki deterd\u017eent Em forte pakiranje sprej boca 750 ml &#8211; Mo\u0107no sredstvo za \u010di\u0161\u0107enje za stakloplastiku, aluminij i obojene povr\u0161ine,<\/p>\n","protected":false},"featured_media":5948652,"comment_status":"closed","ping_status":"closed","template":"","meta":[],"product_brand":[3236],"product_cat":[1628],"product_tag":[],"class_list":{"0":"post-3693464","1":"product","2":"type-product","3":"status-publish","4":"has-post-thumbnail","6":"product_brand-osculati-hr","7":"product_cat-proizvodi-za-ciscenje","9":"first","10":"instock","11":"shipping-taxable","12":"purchasable","13":"product-type-simple"},"_links":{"self":[{"href":"https:\/\/stoic-curie.212-227-153-4.plesk.page\/hr\/wp-json\/wp\/v2\/product\/3693464","targetHints":{"allow":["GET"]}}],"collection":[{"href":"https:\/\/stoic-curie.212-227-153-4.plesk.page\/hr\/wp-json\/wp\/v2\/product"}],"about":[{"href":"https:\/\/stoic-curie.212-227-153-4.plesk.page\/hr\/wp-json\/wp\/v2\/types\/product"}],"replies":[{"embeddable":true,"href":"https:\/\/stoic-curie.212-227-153-4.plesk.page\/hr\/wp-json\/wp\/v2\/comments?post=3693464"}],"version-history":[{"count":0,"href":"https:\/\/stoic-curie.212-227-153-4.plesk.page\/hr\/wp-json\/wp\/v2\/product\/3693464\/revisions"}],"wp:featuredmedia":[{"embeddable":true,"href":"https:\/\/stoic-curie.212-227-153-4.plesk.page\/hr\/wp-json\/wp\/v2\/media\/5948652"}],"wp:attachment":[{"href":"https:\/\/stoic-curie.212-227-153-4.plesk.page\/hr\/wp-json\/wp\/v2\/media?parent=3693464"}],"wp:term":[{"taxonomy":"product_brand","embeddable":true,"href":"https:\/\/stoic-curie.212-227-153-4.plesk.page\/hr\/wp-json\/wp\/v2\/product_brand?post=3693464"},{"taxonomy":"product_cat","embeddable":true,"href":"https:\/\/stoic-curie.212-227-153-4.plesk.page\/hr\/wp-json\/wp\/v2\/product_cat?post=3693464"},{"taxonomy":"product_tag","embeddable":true,"href":"https:\/\/stoic-curie.212-227-153-4.plesk.page\/hr\/wp-json\/wp\/v2\/product_tag?post=3693464"}],"curies":[{"name":"wp","href":"https:\/\/api.w.org\/{rel}","templated":true}]}}