{"id":3693465,"date":"2025-10-13T13:55:15","date_gmt":"2025-10-13T17:55:15","guid":{"rendered":"https:\/\/stoic-curie.212-227-153-4.plesk.page\/product\/em-shampoo-eco-sredstvo-za-coscenje-pakiranje-boca-1-lt\/"},"modified":"2026-02-25T00:01:23","modified_gmt":"2026-02-25T00:01:23","slug":"em-shampoo-eco-sredstvo-za-coscenje-pakiranje-boca-1-lt","status":"publish","type":"product","link":"https:\/\/stoic-curie.212-227-153-4.plesk.page\/hr\/product\/em-shampoo-eco-sredstvo-za-coscenje-pakiranje-boca-1-lt\/","title":{"rendered":"Em shampoo eco sredstvo za \u010do\u0161\u0107enje, pakiranje boca 1 lt"},"content":{"rendered":"<p>Em shampoo eco sredstvo za \u010do\u0161\u0107enje, pakiranje boca 1 lt  &#8211; <\/p>\n<p>100% biorazgradivi koncentrirani univerzalni \u0161ampon, koji se mora razrijediti. Pogodan za stakloplastiku, obojene povr\u0161ine, metal i napuhane predmete.<\/p>\n","protected":false},"excerpt":{"rendered":"<p>Em shampoo eco sredstvo za \u010do\u0161\u0107enje, pakiranje boca 1 lt &#8211; 100% biorazgradivi koncentrirani univerzalni \u0161ampon, koji se mora razrijediti.<\/p>\n","protected":false},"featured_media":5948653,"comment_status":"closed","ping_status":"closed","template":"","meta":[],"product_brand":[3236],"product_cat":[1628],"product_tag":[],"class_list":{"0":"post-3693465","1":"product","2":"type-product","3":"status-publish","4":"has-post-thumbnail","6":"product_brand-osculati-hr","7":"product_cat-proizvodi-za-ciscenje","9":"first","10":"instock","11":"shipping-taxable","12":"purchasable","13":"product-type-simple"},"_links":{"self":[{"href":"https:\/\/stoic-curie.212-227-153-4.plesk.page\/hr\/wp-json\/wp\/v2\/product\/3693465","targetHints":{"allow":["GET"]}}],"collection":[{"href":"https:\/\/stoic-curie.212-227-153-4.plesk.page\/hr\/wp-json\/wp\/v2\/product"}],"about":[{"href":"https:\/\/stoic-curie.212-227-153-4.plesk.page\/hr\/wp-json\/wp\/v2\/types\/product"}],"replies":[{"embeddable":true,"href":"https:\/\/stoic-curie.212-227-153-4.plesk.page\/hr\/wp-json\/wp\/v2\/comments?post=3693465"}],"version-history":[{"count":0,"href":"https:\/\/stoic-curie.212-227-153-4.plesk.page\/hr\/wp-json\/wp\/v2\/product\/3693465\/revisions"}],"wp:featuredmedia":[{"embeddable":true,"href":"https:\/\/stoic-curie.212-227-153-4.plesk.page\/hr\/wp-json\/wp\/v2\/media\/5948653"}],"wp:attachment":[{"href":"https:\/\/stoic-curie.212-227-153-4.plesk.page\/hr\/wp-json\/wp\/v2\/media?parent=3693465"}],"wp:term":[{"taxonomy":"product_brand","embeddable":true,"href":"https:\/\/stoic-curie.212-227-153-4.plesk.page\/hr\/wp-json\/wp\/v2\/product_brand?post=3693465"},{"taxonomy":"product_cat","embeddable":true,"href":"https:\/\/stoic-curie.212-227-153-4.plesk.page\/hr\/wp-json\/wp\/v2\/product_cat?post=3693465"},{"taxonomy":"product_tag","embeddable":true,"href":"https:\/\/stoic-curie.212-227-153-4.plesk.page\/hr\/wp-json\/wp\/v2\/product_tag?post=3693465"}],"curies":[{"name":"wp","href":"https:\/\/api.w.org\/{rel}","templated":true}]}}