{"id":3693466,"date":"2025-10-13T13:55:16","date_gmt":"2025-10-13T17:55:16","guid":{"rendered":"https:\/\/stoic-curie.212-227-153-4.plesk.page\/product\/deterdzent-i-vosak-em-ww-shampoo-pakiranje-boca-1-lt\/"},"modified":"2026-02-25T00:01:23","modified_gmt":"2026-02-25T00:01:23","slug":"deterdzent-i-vosak-em-ww-shampoo-pakiranje-boca-1-lt","status":"publish","type":"product","link":"https:\/\/stoic-curie.212-227-153-4.plesk.page\/hr\/product\/deterdzent-i-vosak-em-ww-shampoo-pakiranje-boca-1-lt\/","title":{"rendered":"Deterd\u017eent i vosak Em w&#038;w shampoo pakiranje boca 1 lt"},"content":{"rendered":"<p>Deterd\u017eent i vosak Em w&#038;w shampoo pakiranje boca 1 lt  &#8211; <\/p>\n<p>\u0160ampon za \u010damce s posebnim voskovima koji \u010disti i istovremeno pru\u017ea za\u0161titu i sjaj. Pogodan za stakloplastiku, obojene dijelove i metal.<\/p>\n","protected":false},"excerpt":{"rendered":"<p>Deterd\u017eent i vosak Em w&#038;w shampoo pakiranje boca 1 lt &#8211; \u0160ampon za \u010damce s posebnim voskovima koji \u010disti i<\/p>\n","protected":false},"featured_media":5948655,"comment_status":"closed","ping_status":"closed","template":"","meta":[],"product_brand":[3236],"product_cat":[1628],"product_tag":[],"class_list":{"0":"post-3693466","1":"product","2":"type-product","3":"status-publish","4":"has-post-thumbnail","6":"product_brand-osculati-hr","7":"product_cat-proizvodi-za-ciscenje","9":"first","10":"instock","11":"shipping-taxable","12":"purchasable","13":"product-type-simple"},"_links":{"self":[{"href":"https:\/\/stoic-curie.212-227-153-4.plesk.page\/hr\/wp-json\/wp\/v2\/product\/3693466","targetHints":{"allow":["GET"]}}],"collection":[{"href":"https:\/\/stoic-curie.212-227-153-4.plesk.page\/hr\/wp-json\/wp\/v2\/product"}],"about":[{"href":"https:\/\/stoic-curie.212-227-153-4.plesk.page\/hr\/wp-json\/wp\/v2\/types\/product"}],"replies":[{"embeddable":true,"href":"https:\/\/stoic-curie.212-227-153-4.plesk.page\/hr\/wp-json\/wp\/v2\/comments?post=3693466"}],"version-history":[{"count":0,"href":"https:\/\/stoic-curie.212-227-153-4.plesk.page\/hr\/wp-json\/wp\/v2\/product\/3693466\/revisions"}],"wp:featuredmedia":[{"embeddable":true,"href":"https:\/\/stoic-curie.212-227-153-4.plesk.page\/hr\/wp-json\/wp\/v2\/media\/5948655"}],"wp:attachment":[{"href":"https:\/\/stoic-curie.212-227-153-4.plesk.page\/hr\/wp-json\/wp\/v2\/media?parent=3693466"}],"wp:term":[{"taxonomy":"product_brand","embeddable":true,"href":"https:\/\/stoic-curie.212-227-153-4.plesk.page\/hr\/wp-json\/wp\/v2\/product_brand?post=3693466"},{"taxonomy":"product_cat","embeddable":true,"href":"https:\/\/stoic-curie.212-227-153-4.plesk.page\/hr\/wp-json\/wp\/v2\/product_cat?post=3693466"},{"taxonomy":"product_tag","embeddable":true,"href":"https:\/\/stoic-curie.212-227-153-4.plesk.page\/hr\/wp-json\/wp\/v2\/product_tag?post=3693466"}],"curies":[{"name":"wp","href":"https:\/\/api.w.org\/{rel}","templated":true}]}}