{"id":3693467,"date":"2025-10-13T13:55:16","date_gmt":"2025-10-13T17:55:16","guid":{"rendered":"https:\/\/stoic-curie.212-227-153-4.plesk.page\/product\/zastita-od-soli-star-brite-salt-off-protector-pakiranje-sprej-boca-650-ml\/"},"modified":"2026-02-25T00:01:23","modified_gmt":"2026-02-25T00:01:23","slug":"zastita-od-soli-star-brite-salt-off-protector-pakiranje-sprej-boca-650-ml","status":"publish","type":"product","link":"https:\/\/stoic-curie.212-227-153-4.plesk.page\/hr\/product\/zastita-od-soli-star-brite-salt-off-protector-pakiranje-sprej-boca-650-ml\/","title":{"rendered":"Za\u0161tita od soli Star Brite salt-off protector, pakiranje sprej boca 650 ml"},"content":{"rendered":"<p>Za\u0161tita od soli Star Brite salt-off protector, pakiranje sprej boca 650 ml  &#8211; <\/p>\n<p>\u2022 Uklanja naslage soli sa svih povr\u0161ina \u010damaca i motora  \u2022 Ostavlja za\u0161titni PTEF\u00ae premaz kako bi sprije\u010dio budu\u0107e o\u0161te\u0107enje solju \u2022 Opcionalna posuda za doziranje koristi se za odr\u017eavanje odvodne cijevi motora \u010distom<\/p>\n","protected":false},"excerpt":{"rendered":"<p>Za\u0161tita od soli Star Brite salt-off protector, pakiranje sprej boca 650 ml &#8211; \u2022 Uklanja naslage soli sa svih povr\u0161ina<\/p>\n","protected":false},"featured_media":5948657,"comment_status":"closed","ping_status":"closed","template":"","meta":[],"product_brand":[3436],"product_cat":[1628],"product_tag":[],"class_list":{"0":"post-3693467","1":"product","2":"type-product","3":"status-publish","4":"has-post-thumbnail","6":"product_brand-starbrite-hr","7":"product_cat-proizvodi-za-ciscenje","9":"first","10":"instock","11":"shipping-taxable","12":"purchasable","13":"product-type-simple"},"_links":{"self":[{"href":"https:\/\/stoic-curie.212-227-153-4.plesk.page\/hr\/wp-json\/wp\/v2\/product\/3693467","targetHints":{"allow":["GET"]}}],"collection":[{"href":"https:\/\/stoic-curie.212-227-153-4.plesk.page\/hr\/wp-json\/wp\/v2\/product"}],"about":[{"href":"https:\/\/stoic-curie.212-227-153-4.plesk.page\/hr\/wp-json\/wp\/v2\/types\/product"}],"replies":[{"embeddable":true,"href":"https:\/\/stoic-curie.212-227-153-4.plesk.page\/hr\/wp-json\/wp\/v2\/comments?post=3693467"}],"version-history":[{"count":0,"href":"https:\/\/stoic-curie.212-227-153-4.plesk.page\/hr\/wp-json\/wp\/v2\/product\/3693467\/revisions"}],"wp:featuredmedia":[{"embeddable":true,"href":"https:\/\/stoic-curie.212-227-153-4.plesk.page\/hr\/wp-json\/wp\/v2\/media\/5948657"}],"wp:attachment":[{"href":"https:\/\/stoic-curie.212-227-153-4.plesk.page\/hr\/wp-json\/wp\/v2\/media?parent=3693467"}],"wp:term":[{"taxonomy":"product_brand","embeddable":true,"href":"https:\/\/stoic-curie.212-227-153-4.plesk.page\/hr\/wp-json\/wp\/v2\/product_brand?post=3693467"},{"taxonomy":"product_cat","embeddable":true,"href":"https:\/\/stoic-curie.212-227-153-4.plesk.page\/hr\/wp-json\/wp\/v2\/product_cat?post=3693467"},{"taxonomy":"product_tag","embeddable":true,"href":"https:\/\/stoic-curie.212-227-153-4.plesk.page\/hr\/wp-json\/wp\/v2\/product_tag?post=3693467"}],"curies":[{"name":"wp","href":"https:\/\/api.w.org\/{rel}","templated":true}]}}