{"id":3693468,"date":"2025-10-13T13:55:16","date_gmt":"2025-10-13T17:55:16","guid":{"rendered":"https:\/\/stoic-curie.212-227-153-4.plesk.page\/product\/deterdzent-opce-namjene-i-za-kaljuze-nave-eco-em-pakiranje-sprej-boca-750-ml\/"},"modified":"2026-02-25T00:01:23","modified_gmt":"2026-02-25T00:01:23","slug":"deterdzent-opce-namjene-i-za-kaljuze-nave-eco-em-pakiranje-sprej-boca-750-ml","status":"publish","type":"product","link":"https:\/\/stoic-curie.212-227-153-4.plesk.page\/hr\/product\/deterdzent-opce-namjene-i-za-kaljuze-nave-eco-em-pakiranje-sprej-boca-750-ml\/","title":{"rendered":"Deterd\u017eent opce namjene i za kalju\u017ee Nave eco em pakiranje sprej boca 750 ml"},"content":{"rendered":"<p>Deterd\u017eent opce namjene i za kalju\u017ee Nave eco em pakiranje sprej boca 750 ml  &#8211; <\/p>\n<p>Biorazgradivi, nezapaljivi dezinficijens i \u010dista\u010d, idealan za \u010di\u0161\u0107enje i odma\u0161\u0107ivanje potpalublja, motora i trupova. Uklanja prljav\u0161tinu, ulje, dizel i masti. Koristi se nepromijenjen ili razrije\u0111en ovisno o ja\u010dini one\u010di\u0161\u0107enja.<\/p>\n","protected":false},"excerpt":{"rendered":"<p>Deterd\u017eent opce namjene i za kalju\u017ee Nave eco em pakiranje sprej boca 750 ml &#8211; Biorazgradivi, nezapaljivi dezinficijens i \u010dista\u010d,<\/p>\n","protected":false},"featured_media":5948659,"comment_status":"closed","ping_status":"closed","template":"","meta":[],"product_brand":[3236],"product_cat":[1628],"product_tag":[],"class_list":{"0":"post-3693468","1":"product","2":"type-product","3":"status-publish","4":"has-post-thumbnail","6":"product_brand-osculati-hr","7":"product_cat-proizvodi-za-ciscenje","9":"first","10":"instock","11":"shipping-taxable","12":"purchasable","13":"product-type-simple"},"_links":{"self":[{"href":"https:\/\/stoic-curie.212-227-153-4.plesk.page\/hr\/wp-json\/wp\/v2\/product\/3693468","targetHints":{"allow":["GET"]}}],"collection":[{"href":"https:\/\/stoic-curie.212-227-153-4.plesk.page\/hr\/wp-json\/wp\/v2\/product"}],"about":[{"href":"https:\/\/stoic-curie.212-227-153-4.plesk.page\/hr\/wp-json\/wp\/v2\/types\/product"}],"replies":[{"embeddable":true,"href":"https:\/\/stoic-curie.212-227-153-4.plesk.page\/hr\/wp-json\/wp\/v2\/comments?post=3693468"}],"version-history":[{"count":0,"href":"https:\/\/stoic-curie.212-227-153-4.plesk.page\/hr\/wp-json\/wp\/v2\/product\/3693468\/revisions"}],"wp:featuredmedia":[{"embeddable":true,"href":"https:\/\/stoic-curie.212-227-153-4.plesk.page\/hr\/wp-json\/wp\/v2\/media\/5948659"}],"wp:attachment":[{"href":"https:\/\/stoic-curie.212-227-153-4.plesk.page\/hr\/wp-json\/wp\/v2\/media?parent=3693468"}],"wp:term":[{"taxonomy":"product_brand","embeddable":true,"href":"https:\/\/stoic-curie.212-227-153-4.plesk.page\/hr\/wp-json\/wp\/v2\/product_brand?post=3693468"},{"taxonomy":"product_cat","embeddable":true,"href":"https:\/\/stoic-curie.212-227-153-4.plesk.page\/hr\/wp-json\/wp\/v2\/product_cat?post=3693468"},{"taxonomy":"product_tag","embeddable":true,"href":"https:\/\/stoic-curie.212-227-153-4.plesk.page\/hr\/wp-json\/wp\/v2\/product_tag?post=3693468"}],"curies":[{"name":"wp","href":"https:\/\/api.w.org\/{rel}","templated":true}]}}