{"id":3693469,"date":"2025-10-13T13:55:16","date_gmt":"2025-10-13T17:55:16","guid":{"rendered":"https:\/\/stoic-curie.212-227-153-4.plesk.page\/product\/star-brite-sredstvo-za-uklanjanje-ogrebotina-crni-pakiranje-sprej-650-ml\/"},"modified":"2026-02-25T00:01:23","modified_gmt":"2026-02-25T00:01:23","slug":"star-brite-sredstvo-za-uklanjanje-ogrebotina-crni-pakiranje-sprej-650-ml","status":"publish","type":"product","link":"https:\/\/stoic-curie.212-227-153-4.plesk.page\/hr\/product\/star-brite-sredstvo-za-uklanjanje-ogrebotina-crni-pakiranje-sprej-650-ml\/","title":{"rendered":"Star Brite sredstvo za uklanjanje ogrebotina, crni, pakiranje sprej 650 ml"},"content":{"rendered":"<p>Star Brite sredstvo za uklanjanje ogrebotina, crni, pakiranje sprej 650 ml  &#8211; <\/p>\n<p>\u2022 Brzo uklanja crne tragove uzrokovane otjecanjem vode<br \/>\u2022 Siguran za upotrebu na povr\u0161inama od stakloplastike, metala i obojenim povr\u0161inama<br \/>\u2022 Ne uklanja vosak ili lak<br \/>\u2022 Mo\u017ee se koristiti za mnoge druge te\u0161ke poslove \u010di\u0161\u0107enja \u2013 kupaonice, kade, tu\u0161evi itd.<\/p>\n","protected":false},"excerpt":{"rendered":"<p>Star Brite sredstvo za uklanjanje ogrebotina, crni, pakiranje sprej 650 ml &#8211; \u2022 Brzo uklanja crne tragove uzrokovane otjecanjem vode\u2022<\/p>\n","protected":false},"featured_media":5948661,"comment_status":"closed","ping_status":"closed","template":"","meta":[],"product_brand":[3436],"product_cat":[1628],"product_tag":[],"class_list":{"0":"post-3693469","1":"product","2":"type-product","3":"status-publish","4":"has-post-thumbnail","6":"product_brand-starbrite-hr","7":"product_cat-proizvodi-za-ciscenje","9":"first","10":"instock","11":"shipping-taxable","12":"purchasable","13":"product-type-simple"},"_links":{"self":[{"href":"https:\/\/stoic-curie.212-227-153-4.plesk.page\/hr\/wp-json\/wp\/v2\/product\/3693469","targetHints":{"allow":["GET"]}}],"collection":[{"href":"https:\/\/stoic-curie.212-227-153-4.plesk.page\/hr\/wp-json\/wp\/v2\/product"}],"about":[{"href":"https:\/\/stoic-curie.212-227-153-4.plesk.page\/hr\/wp-json\/wp\/v2\/types\/product"}],"replies":[{"embeddable":true,"href":"https:\/\/stoic-curie.212-227-153-4.plesk.page\/hr\/wp-json\/wp\/v2\/comments?post=3693469"}],"version-history":[{"count":0,"href":"https:\/\/stoic-curie.212-227-153-4.plesk.page\/hr\/wp-json\/wp\/v2\/product\/3693469\/revisions"}],"wp:featuredmedia":[{"embeddable":true,"href":"https:\/\/stoic-curie.212-227-153-4.plesk.page\/hr\/wp-json\/wp\/v2\/media\/5948661"}],"wp:attachment":[{"href":"https:\/\/stoic-curie.212-227-153-4.plesk.page\/hr\/wp-json\/wp\/v2\/media?parent=3693469"}],"wp:term":[{"taxonomy":"product_brand","embeddable":true,"href":"https:\/\/stoic-curie.212-227-153-4.plesk.page\/hr\/wp-json\/wp\/v2\/product_brand?post=3693469"},{"taxonomy":"product_cat","embeddable":true,"href":"https:\/\/stoic-curie.212-227-153-4.plesk.page\/hr\/wp-json\/wp\/v2\/product_cat?post=3693469"},{"taxonomy":"product_tag","embeddable":true,"href":"https:\/\/stoic-curie.212-227-153-4.plesk.page\/hr\/wp-json\/wp\/v2\/product_tag?post=3693469"}],"curies":[{"name":"wp","href":"https:\/\/api.w.org\/{rel}","templated":true}]}}