{"id":3693472,"date":"2025-10-13T13:55:17","date_gmt":"2025-10-13T17:55:17","guid":{"rendered":"https:\/\/stoic-curie.212-227-153-4.plesk.page\/product\/rukavica-od-mikrovlakana-reggae\/"},"modified":"2026-02-25T00:01:23","modified_gmt":"2026-02-25T00:01:23","slug":"rukavica-od-mikrovlakana-reggae","status":"publish","type":"product","link":"https:\/\/stoic-curie.212-227-153-4.plesk.page\/hr\/product\/rukavica-od-mikrovlakana-reggae\/","title":{"rendered":"Rukavica od mikrovlakana reggae"},"content":{"rendered":"<p>Rukavica od mikrovlakana reggae &#8211; <\/p>\n<p>Dvosmjerni Star Brite rukavica od mikrovlakana, idealna za \u010di\u0161\u0107enje gelcoat i obojenih povr\u0161ina. Dio od mikrovlakana je vrlo upijaju\u0107i i mekan te spre\u010dava ogrebotine na osjetljivim povr\u0161inama. Gruba strana uklanja tvrdokornu prljav\u0161tinu i alge s trupa. Periva u perilici, mo\u017ee se koristiti i za brisanje pra\u0161ine.<\/p>\n","protected":false},"excerpt":{"rendered":"<p>Rukavica od mikrovlakana reggae &#8211; Dvosmjerni Star Brite rukavica od mikrovlakana, idealna za \u010di\u0161\u0107enje gelcoat i obojenih povr\u0161ina. Dio od<\/p>\n","protected":false},"featured_media":5948665,"comment_status":"closed","ping_status":"closed","template":"","meta":[],"product_brand":[3436],"product_cat":[1631,1633],"product_tag":[],"class_list":{"0":"post-3693472","1":"product","2":"type-product","3":"status-publish","4":"has-post-thumbnail","6":"product_brand-starbrite-hr","7":"product_cat-alati-za-ciscenje","8":"product_cat-cetke-za-ciscenje","10":"first","11":"instock","12":"shipping-taxable","13":"purchasable","14":"product-type-simple"},"_links":{"self":[{"href":"https:\/\/stoic-curie.212-227-153-4.plesk.page\/hr\/wp-json\/wp\/v2\/product\/3693472","targetHints":{"allow":["GET"]}}],"collection":[{"href":"https:\/\/stoic-curie.212-227-153-4.plesk.page\/hr\/wp-json\/wp\/v2\/product"}],"about":[{"href":"https:\/\/stoic-curie.212-227-153-4.plesk.page\/hr\/wp-json\/wp\/v2\/types\/product"}],"replies":[{"embeddable":true,"href":"https:\/\/stoic-curie.212-227-153-4.plesk.page\/hr\/wp-json\/wp\/v2\/comments?post=3693472"}],"version-history":[{"count":0,"href":"https:\/\/stoic-curie.212-227-153-4.plesk.page\/hr\/wp-json\/wp\/v2\/product\/3693472\/revisions"}],"wp:featuredmedia":[{"embeddable":true,"href":"https:\/\/stoic-curie.212-227-153-4.plesk.page\/hr\/wp-json\/wp\/v2\/media\/5948665"}],"wp:attachment":[{"href":"https:\/\/stoic-curie.212-227-153-4.plesk.page\/hr\/wp-json\/wp\/v2\/media?parent=3693472"}],"wp:term":[{"taxonomy":"product_brand","embeddable":true,"href":"https:\/\/stoic-curie.212-227-153-4.plesk.page\/hr\/wp-json\/wp\/v2\/product_brand?post=3693472"},{"taxonomy":"product_cat","embeddable":true,"href":"https:\/\/stoic-curie.212-227-153-4.plesk.page\/hr\/wp-json\/wp\/v2\/product_cat?post=3693472"},{"taxonomy":"product_tag","embeddable":true,"href":"https:\/\/stoic-curie.212-227-153-4.plesk.page\/hr\/wp-json\/wp\/v2\/product_tag?post=3693472"}],"curies":[{"name":"wp","href":"https:\/\/api.w.org\/{rel}","templated":true}]}}