{"id":3693473,"date":"2025-10-13T13:55:17","date_gmt":"2025-10-13T17:55:17","guid":{"rendered":"https:\/\/stoic-curie.212-227-153-4.plesk.page\/product\/spuzva-pva-supersorb-dim-175-x-75-x-35-mm\/"},"modified":"2026-02-25T00:01:23","modified_gmt":"2026-02-25T00:01:23","slug":"spuzva-pva-supersorb-dim-175-x-75-x-35-mm","status":"publish","type":"product","link":"https:\/\/stoic-curie.212-227-153-4.plesk.page\/hr\/product\/spuzva-pva-supersorb-dim-175-x-75-x-35-mm\/","title":{"rendered":"Spu\u017eva pva supersorb dim 175 x 75 x 35 mm"},"content":{"rendered":"<p>Spu\u017eva pva supersorb dim 175 x 75 x 35 mm &#8211; <\/p>\n<p>Super apsorbiraju\u0107i \u010dista jastu\u010di\u0107 od PVA. Materijal visoke gusto\u0107e s mikroporam. Zadr\u017eava i zadr\u017eava dvostruko ve\u0107i volumen vode. Temeljito \u010disti sve povr\u0161ine bez ogrebotina.<\/p>\n","protected":false},"excerpt":{"rendered":"<p>Spu\u017eva pva supersorb dim 175 x 75 x 35 mm &#8211; Super apsorbiraju\u0107i \u010dista jastu\u010di\u0107 od PVA. Materijal visoke gusto\u0107e<\/p>\n","protected":false},"featured_media":5948666,"comment_status":"closed","ping_status":"closed","template":"","meta":[],"product_brand":[3436],"product_cat":[1631,1633],"product_tag":[],"class_list":{"0":"post-3693473","1":"product","2":"type-product","3":"status-publish","4":"has-post-thumbnail","6":"product_brand-starbrite-hr","7":"product_cat-alati-za-ciscenje","8":"product_cat-cetke-za-ciscenje","10":"first","11":"instock","12":"shipping-taxable","13":"purchasable","14":"product-type-simple"},"_links":{"self":[{"href":"https:\/\/stoic-curie.212-227-153-4.plesk.page\/hr\/wp-json\/wp\/v2\/product\/3693473","targetHints":{"allow":["GET"]}}],"collection":[{"href":"https:\/\/stoic-curie.212-227-153-4.plesk.page\/hr\/wp-json\/wp\/v2\/product"}],"about":[{"href":"https:\/\/stoic-curie.212-227-153-4.plesk.page\/hr\/wp-json\/wp\/v2\/types\/product"}],"replies":[{"embeddable":true,"href":"https:\/\/stoic-curie.212-227-153-4.plesk.page\/hr\/wp-json\/wp\/v2\/comments?post=3693473"}],"version-history":[{"count":0,"href":"https:\/\/stoic-curie.212-227-153-4.plesk.page\/hr\/wp-json\/wp\/v2\/product\/3693473\/revisions"}],"wp:featuredmedia":[{"embeddable":true,"href":"https:\/\/stoic-curie.212-227-153-4.plesk.page\/hr\/wp-json\/wp\/v2\/media\/5948666"}],"wp:attachment":[{"href":"https:\/\/stoic-curie.212-227-153-4.plesk.page\/hr\/wp-json\/wp\/v2\/media?parent=3693473"}],"wp:term":[{"taxonomy":"product_brand","embeddable":true,"href":"https:\/\/stoic-curie.212-227-153-4.plesk.page\/hr\/wp-json\/wp\/v2\/product_brand?post=3693473"},{"taxonomy":"product_cat","embeddable":true,"href":"https:\/\/stoic-curie.212-227-153-4.plesk.page\/hr\/wp-json\/wp\/v2\/product_cat?post=3693473"},{"taxonomy":"product_tag","embeddable":true,"href":"https:\/\/stoic-curie.212-227-153-4.plesk.page\/hr\/wp-json\/wp\/v2\/product_tag?post=3693473"}],"curies":[{"name":"wp","href":"https:\/\/api.w.org\/{rel}","templated":true}]}}