{"id":3693474,"date":"2025-10-13T13:55:17","date_gmt":"2025-10-13T17:55:17","guid":{"rendered":"https:\/\/stoic-curie.212-227-153-4.plesk.page\/product\/brodska-poliuretanska-kantica-s-ruckom-od-inoxa-kapacitet-10-lt\/"},"modified":"2026-02-25T00:01:23","modified_gmt":"2026-02-25T00:01:23","slug":"brodska-poliuretanska-kantica-s-ruckom-od-inoxa-kapacitet-10-lt","status":"publish","type":"product","link":"https:\/\/stoic-curie.212-227-153-4.plesk.page\/hr\/product\/brodska-poliuretanska-kantica-s-ruckom-od-inoxa-kapacitet-10-lt\/","title":{"rendered":"Brodska poliuretanska kantica s ruckom od inoxa kapacitet 10 lt"},"content":{"rendered":"<p>Brodska poliuretanska kantica s ruckom od inoxa kapacitet 10 lt &#8211; <\/p>\n<p>Polyuretanica za \u010damce. Opruga od nehr\u0111aju\u0107eg \u010delika i u\u0161ica za vezivanje u\u017eeta. Promjer: 27,5 cm.<\/p>\n","protected":false},"excerpt":{"rendered":"<p>Brodska poliuretanska kantica s ruckom od inoxa kapacitet 10 lt &#8211; Polyuretanica za \u010damce. Opruga od nehr\u0111aju\u0107eg \u010delika i u\u0161ica<\/p>\n","protected":false},"featured_media":5948667,"comment_status":"closed","ping_status":"closed","template":"","meta":[],"product_brand":[3236],"product_cat":[1631],"product_tag":[],"class_list":{"0":"post-3693474","1":"product","2":"type-product","3":"status-publish","4":"has-post-thumbnail","6":"product_brand-osculati-hr","7":"product_cat-alati-za-ciscenje","9":"first","10":"outofstock","11":"shipping-taxable","12":"purchasable","13":"product-type-simple"},"_links":{"self":[{"href":"https:\/\/stoic-curie.212-227-153-4.plesk.page\/hr\/wp-json\/wp\/v2\/product\/3693474","targetHints":{"allow":["GET"]}}],"collection":[{"href":"https:\/\/stoic-curie.212-227-153-4.plesk.page\/hr\/wp-json\/wp\/v2\/product"}],"about":[{"href":"https:\/\/stoic-curie.212-227-153-4.plesk.page\/hr\/wp-json\/wp\/v2\/types\/product"}],"replies":[{"embeddable":true,"href":"https:\/\/stoic-curie.212-227-153-4.plesk.page\/hr\/wp-json\/wp\/v2\/comments?post=3693474"}],"version-history":[{"count":0,"href":"https:\/\/stoic-curie.212-227-153-4.plesk.page\/hr\/wp-json\/wp\/v2\/product\/3693474\/revisions"}],"wp:featuredmedia":[{"embeddable":true,"href":"https:\/\/stoic-curie.212-227-153-4.plesk.page\/hr\/wp-json\/wp\/v2\/media\/5948667"}],"wp:attachment":[{"href":"https:\/\/stoic-curie.212-227-153-4.plesk.page\/hr\/wp-json\/wp\/v2\/media?parent=3693474"}],"wp:term":[{"taxonomy":"product_brand","embeddable":true,"href":"https:\/\/stoic-curie.212-227-153-4.plesk.page\/hr\/wp-json\/wp\/v2\/product_brand?post=3693474"},{"taxonomy":"product_cat","embeddable":true,"href":"https:\/\/stoic-curie.212-227-153-4.plesk.page\/hr\/wp-json\/wp\/v2\/product_cat?post=3693474"},{"taxonomy":"product_tag","embeddable":true,"href":"https:\/\/stoic-curie.212-227-153-4.plesk.page\/hr\/wp-json\/wp\/v2\/product_tag?post=3693474"}],"curies":[{"name":"wp","href":"https:\/\/api.w.org\/{rel}","templated":true}]}}