{"id":3693475,"date":"2025-10-13T13:55:17","date_gmt":"2025-10-13T17:55:17","guid":{"rendered":"https:\/\/stoic-curie.212-227-153-4.plesk.page\/product\/teleskopska-rucka-yacht-line-100-180cm\/"},"modified":"2026-02-25T00:01:23","modified_gmt":"2026-02-25T00:01:23","slug":"teleskopska-rucka-yacht-line-100-180cm","status":"publish","type":"product","link":"https:\/\/stoic-curie.212-227-153-4.plesk.page\/hr\/product\/teleskopska-rucka-yacht-line-100-180cm\/","title":{"rendered":"Teleskopska ru\u010dka Yacht Line 100-180cm"},"content":{"rendered":"<p>Teleskopska ru\u010dka Yacht Line 100-180cm &#8211; <\/p>\n<p>Lakirana \u010detka od bukve s gumiranim rubom otpornim na udarce, koja se treba nadopuniti dr\u0161kom. \u017duta \u010detka &#8211; mekane dla\u010dice: savr\u0161ena za pranje prozora i strana. Plava \u010detka &#8211; srednje tvrde dla\u010dice: idealna za op\u0107e \u010di\u0161\u0107enje. Bijela \u010detka &#8211; tvrde dla\u010dice: savr\u0161ena za pranje paluba, grubih i posebno prljavih povr\u0161ina.<\/p>\n","protected":false},"excerpt":{"rendered":"<p>Teleskopska ru\u010dka Yacht Line 100-180cm &#8211; Lakirana \u010detka od bukve s gumiranim rubom otpornim na udarce, koja se treba nadopuniti<\/p>\n","protected":false},"featured_media":5948668,"comment_status":"closed","ping_status":"closed","template":"","meta":[],"product_brand":[3236],"product_cat":[1633],"product_tag":[],"class_list":{"0":"post-3693475","1":"product","2":"type-product","3":"status-publish","4":"has-post-thumbnail","6":"product_brand-osculati-hr","7":"product_cat-cetke-za-ciscenje","9":"first","10":"instock","11":"shipping-taxable","12":"purchasable","13":"product-type-simple"},"_links":{"self":[{"href":"https:\/\/stoic-curie.212-227-153-4.plesk.page\/hr\/wp-json\/wp\/v2\/product\/3693475","targetHints":{"allow":["GET"]}}],"collection":[{"href":"https:\/\/stoic-curie.212-227-153-4.plesk.page\/hr\/wp-json\/wp\/v2\/product"}],"about":[{"href":"https:\/\/stoic-curie.212-227-153-4.plesk.page\/hr\/wp-json\/wp\/v2\/types\/product"}],"replies":[{"embeddable":true,"href":"https:\/\/stoic-curie.212-227-153-4.plesk.page\/hr\/wp-json\/wp\/v2\/comments?post=3693475"}],"version-history":[{"count":0,"href":"https:\/\/stoic-curie.212-227-153-4.plesk.page\/hr\/wp-json\/wp\/v2\/product\/3693475\/revisions"}],"wp:featuredmedia":[{"embeddable":true,"href":"https:\/\/stoic-curie.212-227-153-4.plesk.page\/hr\/wp-json\/wp\/v2\/media\/5948668"}],"wp:attachment":[{"href":"https:\/\/stoic-curie.212-227-153-4.plesk.page\/hr\/wp-json\/wp\/v2\/media?parent=3693475"}],"wp:term":[{"taxonomy":"product_brand","embeddable":true,"href":"https:\/\/stoic-curie.212-227-153-4.plesk.page\/hr\/wp-json\/wp\/v2\/product_brand?post=3693475"},{"taxonomy":"product_cat","embeddable":true,"href":"https:\/\/stoic-curie.212-227-153-4.plesk.page\/hr\/wp-json\/wp\/v2\/product_cat?post=3693475"},{"taxonomy":"product_tag","embeddable":true,"href":"https:\/\/stoic-curie.212-227-153-4.plesk.page\/hr\/wp-json\/wp\/v2\/product_tag?post=3693475"}],"curies":[{"name":"wp","href":"https:\/\/api.w.org\/{rel}","templated":true}]}}