{"id":3693476,"date":"2025-10-13T13:55:17","date_gmt":"2025-10-13T17:55:17","guid":{"rendered":"https:\/\/stoic-curie.212-227-153-4.plesk.page\/product\/toaletni-papir-ecosoft-pakiranje-4-role\/"},"modified":"2026-02-25T00:01:23","modified_gmt":"2026-02-25T00:01:23","slug":"toaletni-papir-ecosoft-pakiranje-4-role","status":"publish","type":"product","link":"https:\/\/stoic-curie.212-227-153-4.plesk.page\/hr\/product\/toaletni-papir-ecosoft-pakiranje-4-role\/","title":{"rendered":"Toaletni papir ecosoft pakiranje 4 role"},"content":{"rendered":"<p>Toaletni papir ecosoft pakiranje 4 role  &#8211; <\/p>\n<p>Specijalni toaletni papir za usluge na brodovima i kemijske toalete. Lako se otapa u vodi, \u010dime se sprje\u010dava za\u010depljenje cijevi i hidrauli\u010dnih sustava.<\/p>\n","protected":false},"excerpt":{"rendered":"<p>Toaletni papir ecosoft pakiranje 4 role &#8211; Specijalni toaletni papir za usluge na brodovima i kemijske toalete. Lako se otapa<\/p>\n","protected":false},"featured_media":5948671,"comment_status":"closed","ping_status":"closed","template":"","meta":[],"product_brand":[3236],"product_cat":[1675],"product_tag":[],"class_list":{"0":"post-3693476","1":"product","2":"type-product","3":"status-publish","4":"has-post-thumbnail","6":"product_brand-osculati-hr","7":"product_cat-brodski-wc","9":"first","10":"instock","11":"shipping-taxable","12":"purchasable","13":"product-type-simple"},"_links":{"self":[{"href":"https:\/\/stoic-curie.212-227-153-4.plesk.page\/hr\/wp-json\/wp\/v2\/product\/3693476","targetHints":{"allow":["GET"]}}],"collection":[{"href":"https:\/\/stoic-curie.212-227-153-4.plesk.page\/hr\/wp-json\/wp\/v2\/product"}],"about":[{"href":"https:\/\/stoic-curie.212-227-153-4.plesk.page\/hr\/wp-json\/wp\/v2\/types\/product"}],"replies":[{"embeddable":true,"href":"https:\/\/stoic-curie.212-227-153-4.plesk.page\/hr\/wp-json\/wp\/v2\/comments?post=3693476"}],"version-history":[{"count":0,"href":"https:\/\/stoic-curie.212-227-153-4.plesk.page\/hr\/wp-json\/wp\/v2\/product\/3693476\/revisions"}],"wp:featuredmedia":[{"embeddable":true,"href":"https:\/\/stoic-curie.212-227-153-4.plesk.page\/hr\/wp-json\/wp\/v2\/media\/5948671"}],"wp:attachment":[{"href":"https:\/\/stoic-curie.212-227-153-4.plesk.page\/hr\/wp-json\/wp\/v2\/media?parent=3693476"}],"wp:term":[{"taxonomy":"product_brand","embeddable":true,"href":"https:\/\/stoic-curie.212-227-153-4.plesk.page\/hr\/wp-json\/wp\/v2\/product_brand?post=3693476"},{"taxonomy":"product_cat","embeddable":true,"href":"https:\/\/stoic-curie.212-227-153-4.plesk.page\/hr\/wp-json\/wp\/v2\/product_cat?post=3693476"},{"taxonomy":"product_tag","embeddable":true,"href":"https:\/\/stoic-curie.212-227-153-4.plesk.page\/hr\/wp-json\/wp\/v2\/product_tag?post=3693476"}],"curies":[{"name":"wp","href":"https:\/\/api.w.org\/{rel}","templated":true}]}}