{"id":3693496,"date":"2025-10-13T13:55:20","date_gmt":"2025-10-13T17:55:20","guid":{"rendered":"https:\/\/stoic-curie.212-227-153-4.plesk.page\/product\/quick-osp-gumeni-nozni-prekidac-poklopac-crvene-boje\/"},"modified":"2026-02-25T00:01:23","modified_gmt":"2026-02-25T00:01:23","slug":"quick-osp-gumeni-nozni-prekidac-poklopac-crvene-boje","status":"publish","type":"product","link":"https:\/\/stoic-curie.212-227-153-4.plesk.page\/hr\/product\/quick-osp-gumeni-nozni-prekidac-poklopac-crvene-boje\/","title":{"rendered":"Quick OSP gumeni no\u017eni prekidac poklopac crvene boje"},"content":{"rendered":"<p>Quick OSP gumeni no\u017eni prekidac poklopac crvene boje &#8211; Autenti\u010dna crvena gumena navlaka prekida\u010da za zamjenu za Quick Mod. 900 no\u017ene prekida\u010de. Ovo je originalni rezervni dio.<\/p>\n<table class=\"table\">\n<tbody>\n<tr>\n<td><strong>Primjena<\/strong><\/td>\n<td>Quick Mod. 900 No\u017eni prekida\u010di<\/td>\n<\/tr>\n<tr>\n<td><strong>Tip<\/strong><\/td>\n<td>No\u017eni prekida\u010di<\/td>\n<\/tr>\n<tr>\n<td><strong>Marka<\/strong><\/td>\n<td>Quick<\/td>\n<\/tr>\n<\/tbody>\n<\/table>\n","protected":false},"excerpt":{"rendered":"<p>Quick OSP gumeni no\u017eni prekidac poklopac crvene boje &#8211; Autenti\u010dna crvena gumena navlaka prekida\u010da za zamjenu za Quick Mod. 900<\/p>\n","protected":false},"featured_media":5948694,"comment_status":"closed","ping_status":"closed","template":"","meta":[],"product_brand":[3281],"product_cat":[1611],"product_tag":[],"class_list":{"0":"post-3693496","1":"product","2":"type-product","3":"status-publish","4":"has-post-thumbnail","6":"product_brand-quick-hr","7":"product_cat-vitla-quick","9":"first","10":"instock","11":"shipping-taxable","12":"purchasable","13":"product-type-simple"},"_links":{"self":[{"href":"https:\/\/stoic-curie.212-227-153-4.plesk.page\/hr\/wp-json\/wp\/v2\/product\/3693496","targetHints":{"allow":["GET"]}}],"collection":[{"href":"https:\/\/stoic-curie.212-227-153-4.plesk.page\/hr\/wp-json\/wp\/v2\/product"}],"about":[{"href":"https:\/\/stoic-curie.212-227-153-4.plesk.page\/hr\/wp-json\/wp\/v2\/types\/product"}],"replies":[{"embeddable":true,"href":"https:\/\/stoic-curie.212-227-153-4.plesk.page\/hr\/wp-json\/wp\/v2\/comments?post=3693496"}],"version-history":[{"count":0,"href":"https:\/\/stoic-curie.212-227-153-4.plesk.page\/hr\/wp-json\/wp\/v2\/product\/3693496\/revisions"}],"wp:featuredmedia":[{"embeddable":true,"href":"https:\/\/stoic-curie.212-227-153-4.plesk.page\/hr\/wp-json\/wp\/v2\/media\/5948694"}],"wp:attachment":[{"href":"https:\/\/stoic-curie.212-227-153-4.plesk.page\/hr\/wp-json\/wp\/v2\/media?parent=3693496"}],"wp:term":[{"taxonomy":"product_brand","embeddable":true,"href":"https:\/\/stoic-curie.212-227-153-4.plesk.page\/hr\/wp-json\/wp\/v2\/product_brand?post=3693496"},{"taxonomy":"product_cat","embeddable":true,"href":"https:\/\/stoic-curie.212-227-153-4.plesk.page\/hr\/wp-json\/wp\/v2\/product_cat?post=3693496"},{"taxonomy":"product_tag","embeddable":true,"href":"https:\/\/stoic-curie.212-227-153-4.plesk.page\/hr\/wp-json\/wp\/v2\/product_tag?post=3693496"}],"curies":[{"name":"wp","href":"https:\/\/api.w.org\/{rel}","templated":true}]}}