{"id":3693498,"date":"2025-10-13T13:55:20","date_gmt":"2025-10-13T17:55:20","guid":{"rendered":"https:\/\/stoic-curie.212-227-153-4.plesk.page\/product\/ag-ploca-s-prekidacima-gs-6a\/"},"modified":"2026-02-25T00:01:23","modified_gmt":"2026-02-25T00:01:23","slug":"ag-ploca-s-prekidacima-gs-6a","status":"publish","type":"product","link":"https:\/\/stoic-curie.212-227-153-4.plesk.page\/hr\/product\/ag-ploca-s-prekidacima-gs-6a\/","title":{"rendered":"AG plo\u010da s prekida\u010dima GS, 6A"},"content":{"rendered":"<p>AG plo\u010da s prekida\u010dima GS, 6A &#8211; <\/p>\n<div class=\"col-24 col-md-15\">Automat sa 6 Ampera, pogodan za upotrebu s elektroinstalacijskim razdjelnikom.<\/div>\n<p><\/p>\n<table class=\"table\">\n<tbody>\n<tr>\n<td><strong>Vrsta<\/strong><\/td>\n<td>Panel Montiran<\/td>\n<\/tr>\n<tr>\n<td><strong>Opis Napona<\/strong><\/td>\n<td>12V DC, 24V DC<\/td>\n<\/tr>\n<tr>\n<td><strong>Brand<\/strong><\/td>\n<td>AG<\/td>\n<\/tr>\n<tr>\n<td><strong>Opis Monta\u017ee<\/strong><\/td>\n<td>Panel Montiran<\/td>\n<\/tr>\n<tr>\n<td><strong>Opis Ampera<\/strong><\/td>\n<td>6A<\/td>\n<\/tr>\n<\/tbody>\n<\/table>\n","protected":false},"excerpt":{"rendered":"<p>AG plo\u010da s prekida\u010dima GS, 6A &#8211; Automat sa 6 Ampera, pogodan za upotrebu s elektroinstalacijskim razdjelnikom. Vrsta Panel Montiran<\/p>\n","protected":false},"featured_media":5948698,"comment_status":"closed","ping_status":"closed","template":"","meta":[],"product_brand":[2831],"product_cat":[1746,1748],"product_tag":[],"class_list":{"0":"post-3693498","1":"product","2":"type-product","3":"status-publish","4":"has-post-thumbnail","6":"product_brand-blue-sea-systems-hr","7":"product_cat-elektricne-ploce-prekidaca","8":"product_cat-prekidaci-i-releji","10":"first","11":"instock","12":"shipping-taxable","13":"purchasable","14":"product-type-simple"},"_links":{"self":[{"href":"https:\/\/stoic-curie.212-227-153-4.plesk.page\/hr\/wp-json\/wp\/v2\/product\/3693498","targetHints":{"allow":["GET"]}}],"collection":[{"href":"https:\/\/stoic-curie.212-227-153-4.plesk.page\/hr\/wp-json\/wp\/v2\/product"}],"about":[{"href":"https:\/\/stoic-curie.212-227-153-4.plesk.page\/hr\/wp-json\/wp\/v2\/types\/product"}],"replies":[{"embeddable":true,"href":"https:\/\/stoic-curie.212-227-153-4.plesk.page\/hr\/wp-json\/wp\/v2\/comments?post=3693498"}],"version-history":[{"count":0,"href":"https:\/\/stoic-curie.212-227-153-4.plesk.page\/hr\/wp-json\/wp\/v2\/product\/3693498\/revisions"}],"wp:featuredmedia":[{"embeddable":true,"href":"https:\/\/stoic-curie.212-227-153-4.plesk.page\/hr\/wp-json\/wp\/v2\/media\/5948698"}],"wp:attachment":[{"href":"https:\/\/stoic-curie.212-227-153-4.plesk.page\/hr\/wp-json\/wp\/v2\/media?parent=3693498"}],"wp:term":[{"taxonomy":"product_brand","embeddable":true,"href":"https:\/\/stoic-curie.212-227-153-4.plesk.page\/hr\/wp-json\/wp\/v2\/product_brand?post=3693498"},{"taxonomy":"product_cat","embeddable":true,"href":"https:\/\/stoic-curie.212-227-153-4.plesk.page\/hr\/wp-json\/wp\/v2\/product_cat?post=3693498"},{"taxonomy":"product_tag","embeddable":true,"href":"https:\/\/stoic-curie.212-227-153-4.plesk.page\/hr\/wp-json\/wp\/v2\/product_tag?post=3693498"}],"curies":[{"name":"wp","href":"https:\/\/api.w.org\/{rel}","templated":true}]}}