{"id":3693513,"date":"2025-10-13T13:55:23","date_gmt":"2025-10-13T17:55:23","guid":{"rendered":"https:\/\/stoic-curie.212-227-153-4.plesk.page\/product\/refittex-crijeva-za-vodu-25-x-33mm\/"},"modified":"2026-02-25T00:01:23","modified_gmt":"2026-02-25T00:01:23","slug":"refittex-crijeva-za-vodu-25-x-33mm","status":"publish","type":"product","link":"https:\/\/stoic-curie.212-227-153-4.plesk.page\/hr\/product\/refittex-crijeva-za-vodu-25-x-33mm\/","title":{"rendered":"Refittex crijeva za vodu 25 x 33mm"},"content":{"rendered":"<p>Refittex crijeva za vodu 25 x 33mm &#8211; <\/p>\n<p>Prozirna netoksi\u010dna pletena PVC cijev, otporna na morsku vodu i ve\u0107inu kemijskih proizvoda. Vrlo fleksibilna i otporna, ne deformira se i ne su\u017eava, pogodna za sustave vode na brodu, brodske prostorije, komprimirani zrak i svaku aktivnost na mostu ili pristani\u0161tu. U skladu s europskom direktivom Reg.(EU)10\/2011 za A-B-C simulante. Gran\u010dna je tlak tri puta ve\u0107i od radnog tlaka navedenog u tablici.<\/p>\n","protected":false},"excerpt":{"rendered":"<p>Refittex crijeva za vodu 25 x 33mm &#8211; Prozirna netoksi\u010dna pletena PVC cijev, otporna na morsku vodu i ve\u0107inu kemijskih<\/p>\n","protected":false},"featured_media":5948705,"comment_status":"closed","ping_status":"closed","template":"","meta":[],"product_brand":[3356],"product_cat":[1655],"product_tag":[],"class_list":{"0":"post-3693513","1":"product","2":"type-product","3":"status-publish","4":"has-post-thumbnail","6":"product_brand-seaflow-hr","7":"product_cat-crijevo-za-vodu","9":"first","10":"instock","11":"shipping-taxable","12":"purchasable","13":"product-type-simple"},"_links":{"self":[{"href":"https:\/\/stoic-curie.212-227-153-4.plesk.page\/hr\/wp-json\/wp\/v2\/product\/3693513","targetHints":{"allow":["GET"]}}],"collection":[{"href":"https:\/\/stoic-curie.212-227-153-4.plesk.page\/hr\/wp-json\/wp\/v2\/product"}],"about":[{"href":"https:\/\/stoic-curie.212-227-153-4.plesk.page\/hr\/wp-json\/wp\/v2\/types\/product"}],"replies":[{"embeddable":true,"href":"https:\/\/stoic-curie.212-227-153-4.plesk.page\/hr\/wp-json\/wp\/v2\/comments?post=3693513"}],"version-history":[{"count":0,"href":"https:\/\/stoic-curie.212-227-153-4.plesk.page\/hr\/wp-json\/wp\/v2\/product\/3693513\/revisions"}],"wp:featuredmedia":[{"embeddable":true,"href":"https:\/\/stoic-curie.212-227-153-4.plesk.page\/hr\/wp-json\/wp\/v2\/media\/5948705"}],"wp:attachment":[{"href":"https:\/\/stoic-curie.212-227-153-4.plesk.page\/hr\/wp-json\/wp\/v2\/media?parent=3693513"}],"wp:term":[{"taxonomy":"product_brand","embeddable":true,"href":"https:\/\/stoic-curie.212-227-153-4.plesk.page\/hr\/wp-json\/wp\/v2\/product_brand?post=3693513"},{"taxonomy":"product_cat","embeddable":true,"href":"https:\/\/stoic-curie.212-227-153-4.plesk.page\/hr\/wp-json\/wp\/v2\/product_cat?post=3693513"},{"taxonomy":"product_tag","embeddable":true,"href":"https:\/\/stoic-curie.212-227-153-4.plesk.page\/hr\/wp-json\/wp\/v2\/product_tag?post=3693513"}],"curies":[{"name":"wp","href":"https:\/\/api.w.org\/{rel}","templated":true}]}}