{"id":3693514,"date":"2025-10-13T13:55:23","date_gmt":"2025-10-13T17:55:23","guid":{"rendered":"https:\/\/stoic-curie.212-227-153-4.plesk.page\/product\/brodski-elektricni-kabel-10-x-075-mm2\/"},"modified":"2026-02-25T00:01:23","modified_gmt":"2026-02-25T00:01:23","slug":"brodski-elektricni-kabel-10-x-075-mm2","status":"publish","type":"product","link":"https:\/\/stoic-curie.212-227-153-4.plesk.page\/hr\/product\/brodski-elektricni-kabel-10-x-075-mm2\/","title":{"rendered":"Brodski elektricni kabel 10 x 0,75 mm2"},"content":{"rendered":"<p>Brodski elektricni kabel 10 x 0,75 mm2 &#8211; <\/p>\n<p>CE certificirani morski elektri\u010dni kabel za instalacije na \u010damcima. Savr\u0161eno za instalaciju vi\u0161ekontaktnih elektri\u010dnih panela. Unutarnji vodi\u010di su numerirani du\u017e omota\u010da. Klasa 5 IEC60228 olovni bakreni kabel za maksimalnu za\u0161titu od korozije i elektrolice. Superiorna fleksibilnost za\u0161titne izolacijske obloge napravljene od posebnog PVC-a koji je otporan na plamen i ulje.<\/p>\n","protected":false},"excerpt":{"rendered":"<p>Brodski elektricni kabel 10 x 0,75 mm2 &#8211; CE certificirani morski elektri\u010dni kabel za instalacije na \u010damcima. Savr\u0161eno za instalaciju<\/p>\n","protected":false},"featured_media":5948707,"comment_status":"closed","ping_status":"closed","template":"","meta":[],"product_brand":[2831],"product_cat":[1755],"product_tag":[],"class_list":{"0":"post-3693514","1":"product","2":"type-product","3":"status-publish","4":"has-post-thumbnail","6":"product_brand-blue-sea-systems-hr","7":"product_cat-elektricni-kabel","9":"first","10":"instock","11":"shipping-taxable","12":"purchasable","13":"product-type-simple"},"_links":{"self":[{"href":"https:\/\/stoic-curie.212-227-153-4.plesk.page\/hr\/wp-json\/wp\/v2\/product\/3693514","targetHints":{"allow":["GET"]}}],"collection":[{"href":"https:\/\/stoic-curie.212-227-153-4.plesk.page\/hr\/wp-json\/wp\/v2\/product"}],"about":[{"href":"https:\/\/stoic-curie.212-227-153-4.plesk.page\/hr\/wp-json\/wp\/v2\/types\/product"}],"replies":[{"embeddable":true,"href":"https:\/\/stoic-curie.212-227-153-4.plesk.page\/hr\/wp-json\/wp\/v2\/comments?post=3693514"}],"version-history":[{"count":0,"href":"https:\/\/stoic-curie.212-227-153-4.plesk.page\/hr\/wp-json\/wp\/v2\/product\/3693514\/revisions"}],"wp:featuredmedia":[{"embeddable":true,"href":"https:\/\/stoic-curie.212-227-153-4.plesk.page\/hr\/wp-json\/wp\/v2\/media\/5948707"}],"wp:attachment":[{"href":"https:\/\/stoic-curie.212-227-153-4.plesk.page\/hr\/wp-json\/wp\/v2\/media?parent=3693514"}],"wp:term":[{"taxonomy":"product_brand","embeddable":true,"href":"https:\/\/stoic-curie.212-227-153-4.plesk.page\/hr\/wp-json\/wp\/v2\/product_brand?post=3693514"},{"taxonomy":"product_cat","embeddable":true,"href":"https:\/\/stoic-curie.212-227-153-4.plesk.page\/hr\/wp-json\/wp\/v2\/product_cat?post=3693514"},{"taxonomy":"product_tag","embeddable":true,"href":"https:\/\/stoic-curie.212-227-153-4.plesk.page\/hr\/wp-json\/wp\/v2\/product_tag?post=3693514"}],"curies":[{"name":"wp","href":"https:\/\/api.w.org\/{rel}","templated":true}]}}