{"id":3693523,"date":"2025-10-13T13:55:24","date_gmt":"2025-10-13T17:55:24","guid":{"rendered":"https:\/\/stoic-curie.212-227-153-4.plesk.page\/product\/trem-midi-led-navigacijsko-svijetlo-bijelo-dvobojna\/"},"modified":"2026-02-25T00:01:23","modified_gmt":"2026-02-25T00:01:23","slug":"trem-midi-led-navigacijsko-svijetlo-bijelo-dvobojna","status":"publish","type":"product","link":"https:\/\/stoic-curie.212-227-153-4.plesk.page\/hr\/product\/trem-midi-led-navigacijsko-svijetlo-bijelo-dvobojna\/","title":{"rendered":"Trem midi LED navigacijsko svijetlo bijelo-dvobojna"},"content":{"rendered":"<p>Trem midi LED navigacijsko svijetlo bijelo-dvobojna &#8211; <\/p>\n<p>Plasti\u010dne srednje 12V LED navigacijske svjetlosti s nehr\u0111aju\u0107im \u010deli\u010dnim stranama. Smanjena potro\u0161nja 0,6 W. Dimenzije: 64 x H75 mm.<\/p>\n","protected":false},"excerpt":{"rendered":"<p>Trem midi LED navigacijsko svijetlo bijelo-dvobojna &#8211; Plasti\u010dne srednje 12V LED navigacijske svjetlosti s nehr\u0111aju\u0107im \u010deli\u010dnim stranama. Smanjena potro\u0161nja 0,6<\/p>\n","protected":false},"featured_media":5947762,"comment_status":"closed","ping_status":"closed","template":"","meta":[],"product_brand":[3491],"product_cat":[1736],"product_tag":[],"class_list":{"0":"post-3693523","1":"product","2":"type-product","3":"status-publish","4":"has-post-thumbnail","6":"product_brand-trem-hr","7":"product_cat-led-navigacijska-svjetla","9":"first","10":"instock","11":"shipping-taxable","12":"purchasable","13":"product-type-simple"},"_links":{"self":[{"href":"https:\/\/stoic-curie.212-227-153-4.plesk.page\/hr\/wp-json\/wp\/v2\/product\/3693523","targetHints":{"allow":["GET"]}}],"collection":[{"href":"https:\/\/stoic-curie.212-227-153-4.plesk.page\/hr\/wp-json\/wp\/v2\/product"}],"about":[{"href":"https:\/\/stoic-curie.212-227-153-4.plesk.page\/hr\/wp-json\/wp\/v2\/types\/product"}],"replies":[{"embeddable":true,"href":"https:\/\/stoic-curie.212-227-153-4.plesk.page\/hr\/wp-json\/wp\/v2\/comments?post=3693523"}],"version-history":[{"count":0,"href":"https:\/\/stoic-curie.212-227-153-4.plesk.page\/hr\/wp-json\/wp\/v2\/product\/3693523\/revisions"}],"wp:featuredmedia":[{"embeddable":true,"href":"https:\/\/stoic-curie.212-227-153-4.plesk.page\/hr\/wp-json\/wp\/v2\/media\/5947762"}],"wp:attachment":[{"href":"https:\/\/stoic-curie.212-227-153-4.plesk.page\/hr\/wp-json\/wp\/v2\/media?parent=3693523"}],"wp:term":[{"taxonomy":"product_brand","embeddable":true,"href":"https:\/\/stoic-curie.212-227-153-4.plesk.page\/hr\/wp-json\/wp\/v2\/product_brand?post=3693523"},{"taxonomy":"product_cat","embeddable":true,"href":"https:\/\/stoic-curie.212-227-153-4.plesk.page\/hr\/wp-json\/wp\/v2\/product_cat?post=3693523"},{"taxonomy":"product_tag","embeddable":true,"href":"https:\/\/stoic-curie.212-227-153-4.plesk.page\/hr\/wp-json\/wp\/v2\/product_tag?post=3693523"}],"curies":[{"name":"wp","href":"https:\/\/api.w.org\/{rel}","templated":true}]}}