{"id":3693527,"date":"2025-10-13T13:55:25","date_gmt":"2025-10-13T17:55:25","guid":{"rendered":"https:\/\/stoic-curie.212-227-153-4.plesk.page\/product\/sigurnosni-kljuc-za-gasenje-motora-za-yamahu\/"},"modified":"2026-02-25T00:01:23","modified_gmt":"2026-02-25T00:01:23","slug":"sigurnosni-kljuc-za-gasenje-motora-za-yamahu","status":"publish","type":"product","link":"https:\/\/stoic-curie.212-227-153-4.plesk.page\/hr\/product\/sigurnosni-kljuc-za-gasenje-motora-za-yamahu\/","title":{"rendered":"Sigurnosni klju\u010d za ga\u0161enje motora za Yamahu"},"content":{"rendered":"<p>Sigurnosni klju\u010d za ga\u0161enje motora za Yamahu &#8211; <\/p>\n<p>Zaustavlja vanbrodski motor u slu\u010daju da netko padne overbord. Prodaje se u pakiranju od 10 komada.<\/p>\n","protected":false},"excerpt":{"rendered":"<p>Sigurnosni klju\u010d za ga\u0161enje motora za Yamahu &#8211; Zaustavlja vanbrodski motor u slu\u010daju da netko padne overbord. Prodaje se u<\/p>\n","protected":false},"featured_media":5948715,"comment_status":"closed","ping_status":"closed","template":"","meta":[],"product_brand":[3491],"product_cat":[1827,1831],"product_tag":[],"class_list":{"0":"post-3693527","1":"product","2":"type-product","3":"status-publish","4":"has-post-thumbnail","6":"product_brand-trem-hr","7":"product_cat-dodatna-oprema-za-vanbrodske-motore","8":"product_cat-rezervni-dijelovi-za-vanbrodske-motore-yamaha","10":"first","11":"instock","12":"shipping-taxable","13":"purchasable","14":"product-type-simple"},"_links":{"self":[{"href":"https:\/\/stoic-curie.212-227-153-4.plesk.page\/hr\/wp-json\/wp\/v2\/product\/3693527","targetHints":{"allow":["GET"]}}],"collection":[{"href":"https:\/\/stoic-curie.212-227-153-4.plesk.page\/hr\/wp-json\/wp\/v2\/product"}],"about":[{"href":"https:\/\/stoic-curie.212-227-153-4.plesk.page\/hr\/wp-json\/wp\/v2\/types\/product"}],"replies":[{"embeddable":true,"href":"https:\/\/stoic-curie.212-227-153-4.plesk.page\/hr\/wp-json\/wp\/v2\/comments?post=3693527"}],"version-history":[{"count":0,"href":"https:\/\/stoic-curie.212-227-153-4.plesk.page\/hr\/wp-json\/wp\/v2\/product\/3693527\/revisions"}],"wp:featuredmedia":[{"embeddable":true,"href":"https:\/\/stoic-curie.212-227-153-4.plesk.page\/hr\/wp-json\/wp\/v2\/media\/5948715"}],"wp:attachment":[{"href":"https:\/\/stoic-curie.212-227-153-4.plesk.page\/hr\/wp-json\/wp\/v2\/media?parent=3693527"}],"wp:term":[{"taxonomy":"product_brand","embeddable":true,"href":"https:\/\/stoic-curie.212-227-153-4.plesk.page\/hr\/wp-json\/wp\/v2\/product_brand?post=3693527"},{"taxonomy":"product_cat","embeddable":true,"href":"https:\/\/stoic-curie.212-227-153-4.plesk.page\/hr\/wp-json\/wp\/v2\/product_cat?post=3693527"},{"taxonomy":"product_tag","embeddable":true,"href":"https:\/\/stoic-curie.212-227-153-4.plesk.page\/hr\/wp-json\/wp\/v2\/product_tag?post=3693527"}],"curies":[{"name":"wp","href":"https:\/\/api.w.org\/{rel}","templated":true}]}}