{"id":3693528,"date":"2025-10-13T13:55:25","date_gmt":"2025-10-13T17:55:25","guid":{"rendered":"https:\/\/stoic-curie.212-227-153-4.plesk.page\/product\/sacs-m1-benzinski-filter-za-quicksilver-35-809097-racor-s3213-ref\/"},"modified":"2026-02-25T00:01:23","modified_gmt":"2026-02-25T00:01:23","slug":"sacs-m1-benzinski-filter-za-quicksilver-35-809097-racor-s3213-ref","status":"publish","type":"product","link":"https:\/\/stoic-curie.212-227-153-4.plesk.page\/hr\/product\/sacs-m1-benzinski-filter-za-quicksilver-35-809097-racor-s3213-ref\/","title":{"rendered":"SACS M1 benzinski filter za quicksilver 35-809097 \/ racor s3213 ref"},"content":{"rendered":"<p>SACS M1 benzinski filter za quicksilver 35-809097 \/ racor s3213 ref &#8211; <\/p>\n<p>Element filtra za vanbrodske i unutra\u0161nje motore benzinskih 10 mikrona. Visoka kvaliteta &#8211; Visoke performanse &#8211; Visoka u\u010dinkovitost u odvajanju vode od benzina. Mo\u017ee zamijeniti filter elemente: Quicksilver 35-809097 \/ Racor S3227 \/ Sierra 18-7919.<\/p>\n","protected":false},"excerpt":{"rendered":"<p>SACS M1 benzinski filter za quicksilver 35-809097 \/ racor s3213 ref &#8211; Element filtra za vanbrodske i unutra\u0161nje motore benzinskih<\/p>\n","protected":false},"featured_media":5948723,"comment_status":"closed","ping_status":"closed","template":"","meta":[],"product_brand":[3226],"product_cat":[1815],"product_tag":[],"class_list":{"0":"post-3693528","1":"product","2":"type-product","3":"status-publish","4":"has-post-thumbnail","6":"product_brand-orbitrade-marine-hr","7":"product_cat-rezervni-dijelovi-za-vanbrodske-motore-mercury-i-mariner","9":"first","10":"instock","11":"shipping-taxable","12":"purchasable","13":"product-type-simple"},"_links":{"self":[{"href":"https:\/\/stoic-curie.212-227-153-4.plesk.page\/hr\/wp-json\/wp\/v2\/product\/3693528","targetHints":{"allow":["GET"]}}],"collection":[{"href":"https:\/\/stoic-curie.212-227-153-4.plesk.page\/hr\/wp-json\/wp\/v2\/product"}],"about":[{"href":"https:\/\/stoic-curie.212-227-153-4.plesk.page\/hr\/wp-json\/wp\/v2\/types\/product"}],"replies":[{"embeddable":true,"href":"https:\/\/stoic-curie.212-227-153-4.plesk.page\/hr\/wp-json\/wp\/v2\/comments?post=3693528"}],"version-history":[{"count":0,"href":"https:\/\/stoic-curie.212-227-153-4.plesk.page\/hr\/wp-json\/wp\/v2\/product\/3693528\/revisions"}],"wp:featuredmedia":[{"embeddable":true,"href":"https:\/\/stoic-curie.212-227-153-4.plesk.page\/hr\/wp-json\/wp\/v2\/media\/5948723"}],"wp:attachment":[{"href":"https:\/\/stoic-curie.212-227-153-4.plesk.page\/hr\/wp-json\/wp\/v2\/media?parent=3693528"}],"wp:term":[{"taxonomy":"product_brand","embeddable":true,"href":"https:\/\/stoic-curie.212-227-153-4.plesk.page\/hr\/wp-json\/wp\/v2\/product_brand?post=3693528"},{"taxonomy":"product_cat","embeddable":true,"href":"https:\/\/stoic-curie.212-227-153-4.plesk.page\/hr\/wp-json\/wp\/v2\/product_cat?post=3693528"},{"taxonomy":"product_tag","embeddable":true,"href":"https:\/\/stoic-curie.212-227-153-4.plesk.page\/hr\/wp-json\/wp\/v2\/product_tag?post=3693528"}],"curies":[{"name":"wp","href":"https:\/\/api.w.org\/{rel}","templated":true}]}}