{"id":3693533,"date":"2025-10-13T13:55:26","date_gmt":"2025-10-13T17:55:26","guid":{"rendered":"https:\/\/stoic-curie.212-227-153-4.plesk.page\/product\/klasicni-privjesci-za-kljuceva-od-mesinga-propeler\/"},"modified":"2026-02-25T00:01:23","modified_gmt":"2026-02-25T00:01:23","slug":"klasicni-privjesci-za-kljuceva-od-mesinga-propeler","status":"publish","type":"product","link":"https:\/\/stoic-curie.212-227-153-4.plesk.page\/hr\/product\/klasicni-privjesci-za-kljuceva-od-mesinga-propeler\/","title":{"rendered":"Klasicni privjesci za klju\u010deva od mesinga, propeler"},"content":{"rendered":"<p>Klasicni privjesci za klju\u010deva od mesinga, propeler  &#8211; <\/p>\n<p>Klasi\u010dni mesingana privjesci za klju\u010deve.<\/p>\n","protected":false},"excerpt":{"rendered":"<p>Klasicni privjesci za klju\u010deva od mesinga, propeler &#8211; Klasi\u010dni mesingana privjesci za klju\u010deve.<\/p>\n","protected":false},"featured_media":5948726,"comment_status":"closed","ping_status":"closed","template":"","meta":[],"product_brand":[3236],"product_cat":[1853],"product_tag":[],"class_list":{"0":"post-3693533","1":"product","2":"type-product","3":"status-publish","4":"has-post-thumbnail","6":"product_brand-osculati-hr","7":"product_cat-nauticki-privjesci-za-kljuceve","9":"first","10":"instock","11":"shipping-taxable","12":"purchasable","13":"product-type-simple"},"_links":{"self":[{"href":"https:\/\/stoic-curie.212-227-153-4.plesk.page\/hr\/wp-json\/wp\/v2\/product\/3693533","targetHints":{"allow":["GET"]}}],"collection":[{"href":"https:\/\/stoic-curie.212-227-153-4.plesk.page\/hr\/wp-json\/wp\/v2\/product"}],"about":[{"href":"https:\/\/stoic-curie.212-227-153-4.plesk.page\/hr\/wp-json\/wp\/v2\/types\/product"}],"replies":[{"embeddable":true,"href":"https:\/\/stoic-curie.212-227-153-4.plesk.page\/hr\/wp-json\/wp\/v2\/comments?post=3693533"}],"version-history":[{"count":0,"href":"https:\/\/stoic-curie.212-227-153-4.plesk.page\/hr\/wp-json\/wp\/v2\/product\/3693533\/revisions"}],"wp:featuredmedia":[{"embeddable":true,"href":"https:\/\/stoic-curie.212-227-153-4.plesk.page\/hr\/wp-json\/wp\/v2\/media\/5948726"}],"wp:attachment":[{"href":"https:\/\/stoic-curie.212-227-153-4.plesk.page\/hr\/wp-json\/wp\/v2\/media?parent=3693533"}],"wp:term":[{"taxonomy":"product_brand","embeddable":true,"href":"https:\/\/stoic-curie.212-227-153-4.plesk.page\/hr\/wp-json\/wp\/v2\/product_brand?post=3693533"},{"taxonomy":"product_cat","embeddable":true,"href":"https:\/\/stoic-curie.212-227-153-4.plesk.page\/hr\/wp-json\/wp\/v2\/product_cat?post=3693533"},{"taxonomy":"product_tag","embeddable":true,"href":"https:\/\/stoic-curie.212-227-153-4.plesk.page\/hr\/wp-json\/wp\/v2\/product_tag?post=3693533"}],"curies":[{"name":"wp","href":"https:\/\/api.w.org\/{rel}","templated":true}]}}