{"id":3693540,"date":"2025-10-13T13:55:27","date_gmt":"2025-10-13T17:55:27","guid":{"rendered":"https:\/\/stoic-curie.212-227-153-4.plesk.page\/product\/matice-cahure-unutarnji-navoj-mm-m4-kom-4-pak\/"},"modified":"2026-02-25T00:01:23","modified_gmt":"2026-02-25T00:01:23","slug":"matice-cahure-unutarnji-navoj-mm-m4-kom-4-pak","status":"publish","type":"product","link":"https:\/\/stoic-curie.212-227-153-4.plesk.page\/hr\/product\/matice-cahure-unutarnji-navoj-mm-m4-kom-4-pak\/","title":{"rendered":"Matice \u010dahure unutarnji navoj mm m4  kom 4 \/ pak"},"content":{"rendered":"<p>Matice \u010dahure unutarnji navoj mm m4  kom 4 \/ pak &#8211; <\/p>\n<p>Urezane matice od nehr\u0111aju\u0107eg \u010delika A4 s povi\u0161enim dnom. Pakirane u prakti\u010dne i elegantne blister pakete.<\/p>\n","protected":false},"excerpt":{"rendered":"<p>Matice \u010dahure unutarnji navoj mm m4 kom 4 \/ pak &#8211; Urezane matice od nehr\u0111aju\u0107eg \u010delika A4 s povi\u0161enim dnom.<\/p>\n","protected":false},"featured_media":5948729,"comment_status":"closed","ping_status":"closed","template":"","meta":[],"product_brand":[3121],"product_cat":[1727],"product_tag":[],"class_list":{"0":"post-3693540","1":"product","2":"type-product","3":"status-publish","4":"has-post-thumbnail","6":"product_brand-marinetech-hr","7":"product_cat-matice-od-nehrdajuceg-celika","9":"first","10":"instock","11":"shipping-taxable","12":"purchasable","13":"product-type-simple"},"_links":{"self":[{"href":"https:\/\/stoic-curie.212-227-153-4.plesk.page\/hr\/wp-json\/wp\/v2\/product\/3693540","targetHints":{"allow":["GET"]}}],"collection":[{"href":"https:\/\/stoic-curie.212-227-153-4.plesk.page\/hr\/wp-json\/wp\/v2\/product"}],"about":[{"href":"https:\/\/stoic-curie.212-227-153-4.plesk.page\/hr\/wp-json\/wp\/v2\/types\/product"}],"replies":[{"embeddable":true,"href":"https:\/\/stoic-curie.212-227-153-4.plesk.page\/hr\/wp-json\/wp\/v2\/comments?post=3693540"}],"version-history":[{"count":0,"href":"https:\/\/stoic-curie.212-227-153-4.plesk.page\/hr\/wp-json\/wp\/v2\/product\/3693540\/revisions"}],"wp:featuredmedia":[{"embeddable":true,"href":"https:\/\/stoic-curie.212-227-153-4.plesk.page\/hr\/wp-json\/wp\/v2\/media\/5948729"}],"wp:attachment":[{"href":"https:\/\/stoic-curie.212-227-153-4.plesk.page\/hr\/wp-json\/wp\/v2\/media?parent=3693540"}],"wp:term":[{"taxonomy":"product_brand","embeddable":true,"href":"https:\/\/stoic-curie.212-227-153-4.plesk.page\/hr\/wp-json\/wp\/v2\/product_brand?post=3693540"},{"taxonomy":"product_cat","embeddable":true,"href":"https:\/\/stoic-curie.212-227-153-4.plesk.page\/hr\/wp-json\/wp\/v2\/product_cat?post=3693540"},{"taxonomy":"product_tag","embeddable":true,"href":"https:\/\/stoic-curie.212-227-153-4.plesk.page\/hr\/wp-json\/wp\/v2\/product_tag?post=3693540"}],"curies":[{"name":"wp","href":"https:\/\/api.w.org\/{rel}","templated":true}]}}