{"id":3693582,"date":"2025-10-13T13:55:37","date_gmt":"2025-10-13T17:55:37","guid":{"rendered":"https:\/\/stoic-curie.212-227-153-4.plesk.page\/product\/boja-motora-tk-kobalt-plava-za-tohatsu\/"},"modified":"2026-02-25T00:01:23","modified_gmt":"2026-02-25T00:01:23","slug":"boja-motora-tk-kobalt-plava-za-tohatsu","status":"publish","type":"product","link":"https:\/\/stoic-curie.212-227-153-4.plesk.page\/hr\/product\/boja-motora-tk-kobalt-plava-za-tohatsu\/","title":{"rendered":"Boja motora Tk kobalt plava za Tohatsu"},"content":{"rendered":"<p>Boja motora Tk kobalt plava za Tohatsu &#8211; <\/p>\n<p>Brzo su\u0161e\u0107e sprejeve odobrene od strane proizvo\u0111a\u010da motora za retu\u0161iranje i slikanje brodskih motora. Sprej boce od 400 ml.<\/p>\n","protected":false},"excerpt":{"rendered":"<p>Boja motora Tk kobalt plava za Tohatsu &#8211; Brzo su\u0161e\u0107e sprejeve odobrene od strane proizvo\u0111a\u010da motora za retu\u0161iranje i slikanje<\/p>\n","protected":false},"featured_media":5940705,"comment_status":"closed","ping_status":"closed","template":"","meta":[],"product_brand":[3401],"product_cat":[1634,1817],"product_tag":[],"class_list":{"0":"post-3693582","1":"product","2":"type-product","3":"status-publish","4":"has-post-thumbnail","6":"product_brand-silpar-tk-hr","7":"product_cat-brodske-boje","8":"product_cat-rezervni-dijelovi-za-vanbrodske-motore-tohatsu","10":"first","11":"outofstock","12":"shipping-taxable","13":"purchasable","14":"product-type-simple"},"_links":{"self":[{"href":"https:\/\/stoic-curie.212-227-153-4.plesk.page\/hr\/wp-json\/wp\/v2\/product\/3693582","targetHints":{"allow":["GET"]}}],"collection":[{"href":"https:\/\/stoic-curie.212-227-153-4.plesk.page\/hr\/wp-json\/wp\/v2\/product"}],"about":[{"href":"https:\/\/stoic-curie.212-227-153-4.plesk.page\/hr\/wp-json\/wp\/v2\/types\/product"}],"replies":[{"embeddable":true,"href":"https:\/\/stoic-curie.212-227-153-4.plesk.page\/hr\/wp-json\/wp\/v2\/comments?post=3693582"}],"version-history":[{"count":0,"href":"https:\/\/stoic-curie.212-227-153-4.plesk.page\/hr\/wp-json\/wp\/v2\/product\/3693582\/revisions"}],"wp:featuredmedia":[{"embeddable":true,"href":"https:\/\/stoic-curie.212-227-153-4.plesk.page\/hr\/wp-json\/wp\/v2\/media\/5940705"}],"wp:attachment":[{"href":"https:\/\/stoic-curie.212-227-153-4.plesk.page\/hr\/wp-json\/wp\/v2\/media?parent=3693582"}],"wp:term":[{"taxonomy":"product_brand","embeddable":true,"href":"https:\/\/stoic-curie.212-227-153-4.plesk.page\/hr\/wp-json\/wp\/v2\/product_brand?post=3693582"},{"taxonomy":"product_cat","embeddable":true,"href":"https:\/\/stoic-curie.212-227-153-4.plesk.page\/hr\/wp-json\/wp\/v2\/product_cat?post=3693582"},{"taxonomy":"product_tag","embeddable":true,"href":"https:\/\/stoic-curie.212-227-153-4.plesk.page\/hr\/wp-json\/wp\/v2\/product_tag?post=3693582"}],"curies":[{"name":"wp","href":"https:\/\/api.w.org\/{rel}","templated":true}]}}