{"id":3693584,"date":"2025-10-13T13:55:38","date_gmt":"2025-10-13T17:55:38","guid":{"rendered":"https:\/\/stoic-curie.212-227-153-4.plesk.page\/product\/modularni-natezac-t-rapid-nehrdajuci-celik-r-m6-celicno-uze-3mm\/"},"modified":"2026-02-25T00:01:23","modified_gmt":"2026-02-25T00:01:23","slug":"modularni-natezac-t-rapid-nehrdajuci-celik-r-m6-celicno-uze-3mm","status":"publish","type":"product","link":"https:\/\/stoic-curie.212-227-153-4.plesk.page\/hr\/product\/modularni-natezac-t-rapid-nehrdajuci-celik-r-m6-celicno-uze-3mm\/","title":{"rendered":"Modularni nateza\u010d &#8211; T-Rapid, nehr\u0111aju\u0107i \u010delik, R M6, \u010deli\u010dno u\u017ee 3mm"},"content":{"rendered":"<p>Modularni nateza\u010d &#8211; T-Rapid, nehr\u0111aju\u0107i \u010delik, R M6, \u010deli\u010dno u\u017ee 3mm &#8211; <\/p>\n<p>Modularne vijke MTM od 316 nehr\u0111aju\u0107eg \u010delika. Komponente se moraju kupiti odvojeno kako bi se sastavio \u017eeljeni steznik. L = Lijevi navoj R = Desni navoj<\/p>\n","protected":false},"excerpt":{"rendered":"<p>Modularni nateza\u010d &#8211; T-Rapid, nehr\u0111aju\u0107i \u010delik, R M6, \u010deli\u010dno u\u017ee 3mm &#8211; Modularne vijke MTM od 316 nehr\u0111aju\u0107eg \u010delika. Komponente<\/p>\n","protected":false},"featured_media":5947257,"comment_status":"closed","ping_status":"closed","template":"","meta":[],"product_brand":[3121],"product_cat":[1757,1701],"product_tag":[],"class_list":{"0":"post-3693584","1":"product","2":"type-product","3":"status-publish","4":"has-post-thumbnail","6":"product_brand-marinetech-hr","7":"product_cat-rucice-za-zatezanje-pripona","8":"product_cat-zatezaci-celicnog-uzeta","10":"first","11":"instock","12":"shipping-taxable","13":"purchasable","14":"product-type-simple"},"_links":{"self":[{"href":"https:\/\/stoic-curie.212-227-153-4.plesk.page\/hr\/wp-json\/wp\/v2\/product\/3693584","targetHints":{"allow":["GET"]}}],"collection":[{"href":"https:\/\/stoic-curie.212-227-153-4.plesk.page\/hr\/wp-json\/wp\/v2\/product"}],"about":[{"href":"https:\/\/stoic-curie.212-227-153-4.plesk.page\/hr\/wp-json\/wp\/v2\/types\/product"}],"replies":[{"embeddable":true,"href":"https:\/\/stoic-curie.212-227-153-4.plesk.page\/hr\/wp-json\/wp\/v2\/comments?post=3693584"}],"version-history":[{"count":0,"href":"https:\/\/stoic-curie.212-227-153-4.plesk.page\/hr\/wp-json\/wp\/v2\/product\/3693584\/revisions"}],"wp:featuredmedia":[{"embeddable":true,"href":"https:\/\/stoic-curie.212-227-153-4.plesk.page\/hr\/wp-json\/wp\/v2\/media\/5947257"}],"wp:attachment":[{"href":"https:\/\/stoic-curie.212-227-153-4.plesk.page\/hr\/wp-json\/wp\/v2\/media?parent=3693584"}],"wp:term":[{"taxonomy":"product_brand","embeddable":true,"href":"https:\/\/stoic-curie.212-227-153-4.plesk.page\/hr\/wp-json\/wp\/v2\/product_brand?post=3693584"},{"taxonomy":"product_cat","embeddable":true,"href":"https:\/\/stoic-curie.212-227-153-4.plesk.page\/hr\/wp-json\/wp\/v2\/product_cat?post=3693584"},{"taxonomy":"product_tag","embeddable":true,"href":"https:\/\/stoic-curie.212-227-153-4.plesk.page\/hr\/wp-json\/wp\/v2\/product_tag?post=3693584"}],"curies":[{"name":"wp","href":"https:\/\/api.w.org\/{rel}","templated":true}]}}