{"id":3693597,"date":"2025-10-13T13:55:41","date_gmt":"2025-10-13T17:55:41","guid":{"rendered":"https:\/\/stoic-curie.212-227-153-4.plesk.page\/product\/osculati-teleskoski-nosac-cerade-s-podesivom-visinom-90-160cm\/"},"modified":"2026-02-25T00:01:23","modified_gmt":"2026-02-25T00:01:23","slug":"osculati-teleskoski-nosac-cerade-s-podesivom-visinom-90-160cm","status":"publish","type":"product","link":"https:\/\/stoic-curie.212-227-153-4.plesk.page\/hr\/product\/osculati-teleskoski-nosac-cerade-s-podesivom-visinom-90-160cm\/","title":{"rendered":"Osculati teleskoski nosa\u010d cerade s podesivom visinom (90-160cm)"},"content":{"rendered":"<p>Osculati teleskoski nosa\u010d cerade s podesivom visinom (90-160cm) &#8211; <\/p>\n<div class=\"col-24 col-md-15\">\n<p>Telescopska potpora za platno Osaculati, podesiva od 90 do 160 cm visine, izra\u0111ena je od anodizirane lagane legure i ima \u0161iroku meku PVC potporu kako bi se izbjeglo o\u0161te\u0107enje platna. Promjer cijevi: 25\/30 mm<\/p>\n<p>Platno (240\/320 cm): 995210<\/p>\n<p>Platno (300\/360 cm): 995211<\/p>\n<p>Potpora za platno (75-120 cm): 813950<\/p>\n<\/div>\n<p><\/p>\n<table class=\"table\">\n<tbody>\n<tr>\n<td><strong>Opis visine<\/strong><\/td>\n<td>Podesivo 90-160 cm<\/td>\n<\/tr>\n<tr>\n<td><strong>Materijal<\/strong><\/td>\n<td>Anodizirana lagana legura, opremljena mekim PVC-om<\/td>\n<\/tr>\n<tr>\n<td><strong>Tip<\/strong><\/td>\n<td>Potpora za platno<\/td>\n<\/tr>\n<tr>\n<td><strong>Te\u017eina<\/strong><\/td>\n<td>0,59 kg<\/td>\n<\/tr>\n<tr>\n<td><strong>Brend<\/strong><\/td>\n<td>Osculati<\/td>\n<\/tr>\n<tr>\n<td><strong>Opis promjera<\/strong><\/td>\n<td>25\/30 mm \u00c3\u0098<\/td>\n<\/tr>\n<\/tbody>\n<\/table>\n","protected":false},"excerpt":{"rendered":"<p>Osculati teleskoski nosa\u010d cerade s podesivom visinom (90-160cm) &#8211; Telescopska potpora za platno Osaculati, podesiva od 90 do 160 cm<\/p>\n","protected":false},"featured_media":5948753,"comment_status":"closed","ping_status":"closed","template":"","meta":[],"product_brand":[3236],"product_cat":[1689,1683,1703],"product_tag":[],"class_list":{"0":"post-3693597","1":"product","2":"type-product","3":"status-publish","4":"has-post-thumbnail","6":"product_brand-osculati-hr","7":"product_cat-bimini-tende","8":"product_cat-cerade","9":"product_cat-hardver-za-navlake-i-bimini","11":"first","12":"instock","13":"shipping-taxable","14":"purchasable","15":"product-type-simple"},"_links":{"self":[{"href":"https:\/\/stoic-curie.212-227-153-4.plesk.page\/hr\/wp-json\/wp\/v2\/product\/3693597","targetHints":{"allow":["GET"]}}],"collection":[{"href":"https:\/\/stoic-curie.212-227-153-4.plesk.page\/hr\/wp-json\/wp\/v2\/product"}],"about":[{"href":"https:\/\/stoic-curie.212-227-153-4.plesk.page\/hr\/wp-json\/wp\/v2\/types\/product"}],"replies":[{"embeddable":true,"href":"https:\/\/stoic-curie.212-227-153-4.plesk.page\/hr\/wp-json\/wp\/v2\/comments?post=3693597"}],"version-history":[{"count":0,"href":"https:\/\/stoic-curie.212-227-153-4.plesk.page\/hr\/wp-json\/wp\/v2\/product\/3693597\/revisions"}],"wp:featuredmedia":[{"embeddable":true,"href":"https:\/\/stoic-curie.212-227-153-4.plesk.page\/hr\/wp-json\/wp\/v2\/media\/5948753"}],"wp:attachment":[{"href":"https:\/\/stoic-curie.212-227-153-4.plesk.page\/hr\/wp-json\/wp\/v2\/media?parent=3693597"}],"wp:term":[{"taxonomy":"product_brand","embeddable":true,"href":"https:\/\/stoic-curie.212-227-153-4.plesk.page\/hr\/wp-json\/wp\/v2\/product_brand?post=3693597"},{"taxonomy":"product_cat","embeddable":true,"href":"https:\/\/stoic-curie.212-227-153-4.plesk.page\/hr\/wp-json\/wp\/v2\/product_cat?post=3693597"},{"taxonomy":"product_tag","embeddable":true,"href":"https:\/\/stoic-curie.212-227-153-4.plesk.page\/hr\/wp-json\/wp\/v2\/product_tag?post=3693597"}],"curies":[{"name":"wp","href":"https:\/\/api.w.org\/{rel}","templated":true}]}}