{"id":3693598,"date":"2025-10-13T13:55:42","date_gmt":"2025-10-13T17:55:42","guid":{"rendered":"https:\/\/stoic-curie.212-227-153-4.plesk.page\/product\/jg-speedfit-jednako-koljeno-za-cijev-od-15-mm\/"},"modified":"2026-02-25T00:01:23","modified_gmt":"2026-02-25T00:01:23","slug":"jg-speedfit-jednako-koljeno-za-cijev-od-15-mm","status":"publish","type":"product","link":"https:\/\/stoic-curie.212-227-153-4.plesk.page\/hr\/product\/jg-speedfit-jednako-koljeno-za-cijev-od-15-mm\/","title":{"rendered":"JG Speedfit jednako koljeno za cijev od 15 mm"},"content":{"rendered":"<p>JG Speedfit jednako koljeno za cijev od 15 mm &#8211; <\/p>\n<div class=\"col-24 col-md-15\">\n<p>John Guest Speedfit plasti\u010dni kutni spoj prikladan je za povezivanje plasti\u010dnih ili bakrenih cijevi u sustavima tople ili hladne vode. Ravnopravni kutni spoj sadr\u017ei dva Speedfit spoja za cijevi od 15 mm, jedan na svakom kraju. Ovaj ravnopravan kutni spoj ima konstrukciju bez olova i netoksi\u010dnu te je slobodan od nakupljanja kamenca i korozije.<\/p>\n<p>Za instalaciju jednostavno gurnite spojnik potpuno na cijev i okrenite plasti\u010dnu maticu u smjeru kazaljke na satu kako biste je zaklopili na mjestu. Da biste uklonili spoj, otklju\u010dajte maticu i pomaknite kolete prema tijelu spojnika i povucite cijev kako biste oslobodili. Push-fit spoj olak\u0161ava instalaciju na sku\u010denim mjestima, a instalacija se mo\u017ee smanjiti za oko 40% u usporedbi s uobi\u010dajenim metodama pri\u010dvr\u0161\u0107ivanja.<\/p>\n<\/div>\n<p><\/p>\n<table class=\"table\">\n<tbody>\n<tr>\n<td><strong>Odobrenja<\/strong><\/td>\n<td>BSI i WRAS odobreno<\/td>\n<\/tr>\n<tr>\n<td><strong>Materijal<\/strong><\/td>\n<td>Bez olova, netoksi\u010dna plastika<\/td>\n<\/tr>\n<tr>\n<td><strong>Veli\u010dina<\/strong><\/td>\n<td>15 mm<\/td>\n<\/tr>\n<tr>\n<td><strong>Brand<\/strong><\/td>\n<td>JG Speedfit<\/td>\n<\/tr>\n<tr>\n<td><strong>Fiting<\/strong><\/td>\n<td>Kut|Push-Fit fitting<\/td>\n<\/tr>\n<tr>\n<td><strong>Primarna konstrukcija<\/strong><\/td>\n<td>Plastika<\/td>\n<\/tr>\n<tr>\n<td><strong>Boja<\/strong><\/td>\n<td>Bijela<\/td>\n<\/tr>\n<tr>\n<td><strong>Dr\u017eava podrijetla<\/strong><\/td>\n<td>Ujedinjeno Kraljevstvo<\/td>\n<\/tr>\n<tr>\n<td><strong>Kut<\/strong><\/td>\n<td>90 stupnjeva<\/td>\n<\/tr>\n<tr>\n<td><strong>Opis promjera<\/strong><\/td>\n<td>Za 15 mm cijev<\/td>\n<\/tr>\n<\/tbody>\n<\/table>\n","protected":false},"excerpt":{"rendered":"<p>JG Speedfit jednako koljeno za cijev od 15 mm &#8211; John Guest Speedfit plasti\u010dni kutni spoj prikladan je za povezivanje<\/p>\n","protected":false},"featured_media":5948758,"comment_status":"closed","ping_status":"closed","template":"","meta":[],"product_brand":[3426],"product_cat":[1661],"product_tag":[],"class_list":{"0":"post-3693598","1":"product","2":"type-product","3":"status-publish","4":"has-post-thumbnail","6":"product_brand-speedfit-hr","7":"product_cat-elementi-brodskog-vovovoda-plastika","9":"first","10":"instock","11":"shipping-taxable","12":"purchasable","13":"product-type-simple"},"_links":{"self":[{"href":"https:\/\/stoic-curie.212-227-153-4.plesk.page\/hr\/wp-json\/wp\/v2\/product\/3693598","targetHints":{"allow":["GET"]}}],"collection":[{"href":"https:\/\/stoic-curie.212-227-153-4.plesk.page\/hr\/wp-json\/wp\/v2\/product"}],"about":[{"href":"https:\/\/stoic-curie.212-227-153-4.plesk.page\/hr\/wp-json\/wp\/v2\/types\/product"}],"replies":[{"embeddable":true,"href":"https:\/\/stoic-curie.212-227-153-4.plesk.page\/hr\/wp-json\/wp\/v2\/comments?post=3693598"}],"version-history":[{"count":0,"href":"https:\/\/stoic-curie.212-227-153-4.plesk.page\/hr\/wp-json\/wp\/v2\/product\/3693598\/revisions"}],"wp:featuredmedia":[{"embeddable":true,"href":"https:\/\/stoic-curie.212-227-153-4.plesk.page\/hr\/wp-json\/wp\/v2\/media\/5948758"}],"wp:attachment":[{"href":"https:\/\/stoic-curie.212-227-153-4.plesk.page\/hr\/wp-json\/wp\/v2\/media?parent=3693598"}],"wp:term":[{"taxonomy":"product_brand","embeddable":true,"href":"https:\/\/stoic-curie.212-227-153-4.plesk.page\/hr\/wp-json\/wp\/v2\/product_brand?post=3693598"},{"taxonomy":"product_cat","embeddable":true,"href":"https:\/\/stoic-curie.212-227-153-4.plesk.page\/hr\/wp-json\/wp\/v2\/product_cat?post=3693598"},{"taxonomy":"product_tag","embeddable":true,"href":"https:\/\/stoic-curie.212-227-153-4.plesk.page\/hr\/wp-json\/wp\/v2\/product_tag?post=3693598"}],"curies":[{"name":"wp","href":"https:\/\/api.w.org\/{rel}","templated":true}]}}