{"id":3693602,"date":"2025-10-13T13:55:43","date_gmt":"2025-10-13T17:55:43","guid":{"rendered":"https:\/\/stoic-curie.212-227-153-4.plesk.page\/product\/lancana-karika-od-nehrdajuceg-celika-6-x-45-mm\/"},"modified":"2026-02-25T00:01:25","modified_gmt":"2026-02-25T00:01:25","slug":"lancana-karika-od-nehrdajuceg-celika-6-x-45-mm","status":"publish","type":"product","link":"https:\/\/stoic-curie.212-227-153-4.plesk.page\/hr\/product\/lancana-karika-od-nehrdajuceg-celika-6-x-45-mm\/","title":{"rendered":"Lan\u010dana karika od nehr\u0111aju\u0107eg \u010delika 6 x 45 mm"},"content":{"rendered":"<p>Lan\u010dana karika od nehr\u0111aju\u0107eg \u010delika 6 x 45 mm &#8211; Optimalna izvedba s ovim proizvodom koji je osmi\u0161ljen za u\u010dinkovitost i lako\u0107u kori\u0161tenja.<\/p>\n","protected":false},"excerpt":{"rendered":"<p>Lan\u010dana karika od nehr\u0111aju\u0107eg \u010delika 6 x 45 mm &#8211; Optimalna izvedba s ovim proizvodom koji je osmi\u0161ljen za u\u010dinkovitost<\/p>\n","protected":false},"featured_media":5948801,"comment_status":"closed","ping_status":"closed","template":"","meta":[],"product_brand":[3086],"product_cat":[1620,1692],"product_tag":[],"class_list":{"0":"post-3693602","1":"product","2":"type-product","3":"status-publish","4":"has-post-thumbnail","6":"product_brand-maggigroup-hr","7":"product_cat-kalibrirani-lanac-od-nehrdajuceg-celika","8":"product_cat-lanac-od-nehrdajuci-celik","10":"first","11":"instock","12":"shipping-taxable","13":"purchasable","14":"product-type-simple"},"_links":{"self":[{"href":"https:\/\/stoic-curie.212-227-153-4.plesk.page\/hr\/wp-json\/wp\/v2\/product\/3693602","targetHints":{"allow":["GET"]}}],"collection":[{"href":"https:\/\/stoic-curie.212-227-153-4.plesk.page\/hr\/wp-json\/wp\/v2\/product"}],"about":[{"href":"https:\/\/stoic-curie.212-227-153-4.plesk.page\/hr\/wp-json\/wp\/v2\/types\/product"}],"replies":[{"embeddable":true,"href":"https:\/\/stoic-curie.212-227-153-4.plesk.page\/hr\/wp-json\/wp\/v2\/comments?post=3693602"}],"version-history":[{"count":0,"href":"https:\/\/stoic-curie.212-227-153-4.plesk.page\/hr\/wp-json\/wp\/v2\/product\/3693602\/revisions"}],"wp:featuredmedia":[{"embeddable":true,"href":"https:\/\/stoic-curie.212-227-153-4.plesk.page\/hr\/wp-json\/wp\/v2\/media\/5948801"}],"wp:attachment":[{"href":"https:\/\/stoic-curie.212-227-153-4.plesk.page\/hr\/wp-json\/wp\/v2\/media?parent=3693602"}],"wp:term":[{"taxonomy":"product_brand","embeddable":true,"href":"https:\/\/stoic-curie.212-227-153-4.plesk.page\/hr\/wp-json\/wp\/v2\/product_brand?post=3693602"},{"taxonomy":"product_cat","embeddable":true,"href":"https:\/\/stoic-curie.212-227-153-4.plesk.page\/hr\/wp-json\/wp\/v2\/product_cat?post=3693602"},{"taxonomy":"product_tag","embeddable":true,"href":"https:\/\/stoic-curie.212-227-153-4.plesk.page\/hr\/wp-json\/wp\/v2\/product_tag?post=3693602"}],"curies":[{"name":"wp","href":"https:\/\/api.w.org\/{rel}","templated":true}]}}