{"id":3693605,"date":"2025-10-13T13:55:44","date_gmt":"2025-10-13T17:55:44","guid":{"rendered":"https:\/\/stoic-curie.212-227-153-4.plesk.page\/product\/terminal-za-qbe-h90\/"},"modified":"2026-02-25T00:01:25","modified_gmt":"2026-02-25T00:01:25","slug":"terminal-za-qbe-h90","status":"publish","type":"product","link":"https:\/\/stoic-curie.212-227-153-4.plesk.page\/hr\/product\/terminal-za-qbe-h90\/","title":{"rendered":"Terminal za QBE H90"},"content":{"rendered":"<p>Terminal za QBE H90 &#8211; <\/p>\n<p>Kontemporarni dizajn ovog profila fender pogodan je za intenzivnu upotrebu na bilo kojoj radnoj ili profesionalnoj la\u0111i. Dizajniran je da apsorbira velike udarce dok zadr\u017eava laganu strukturu. Laka instalacija koriste\u0107i fiksnu bazu, prethodno bu\u0161enu nehr\u0111aju\u0107u \u010deli\u010dnu \u0161ipku i profil pritisne greben. Pogodan je za svaki trup sa glatkim, kutnim ili ravnim spojem.<\/p>\n","protected":false},"excerpt":{"rendered":"<p>Terminal za QBE H90 &#8211; Kontemporarni dizajn ovog profila fender pogodan je za intenzivnu upotrebu na bilo kojoj radnoj ili<\/p>\n","protected":false},"featured_media":5948810,"comment_status":"closed","ping_status":"closed","template":"","meta":[],"product_brand":[3481],"product_cat":[1852],"product_tag":[],"class_list":{"0":"post-3693605","1":"product","2":"type-product","3":"status-publish","4":"has-post-thumbnail","6":"product_brand-tessilmare-hr","7":"product_cat-profili-za-bokobrane","9":"first","10":"instock","11":"shipping-taxable","12":"purchasable","13":"product-type-simple"},"_links":{"self":[{"href":"https:\/\/stoic-curie.212-227-153-4.plesk.page\/hr\/wp-json\/wp\/v2\/product\/3693605","targetHints":{"allow":["GET"]}}],"collection":[{"href":"https:\/\/stoic-curie.212-227-153-4.plesk.page\/hr\/wp-json\/wp\/v2\/product"}],"about":[{"href":"https:\/\/stoic-curie.212-227-153-4.plesk.page\/hr\/wp-json\/wp\/v2\/types\/product"}],"replies":[{"embeddable":true,"href":"https:\/\/stoic-curie.212-227-153-4.plesk.page\/hr\/wp-json\/wp\/v2\/comments?post=3693605"}],"version-history":[{"count":0,"href":"https:\/\/stoic-curie.212-227-153-4.plesk.page\/hr\/wp-json\/wp\/v2\/product\/3693605\/revisions"}],"wp:featuredmedia":[{"embeddable":true,"href":"https:\/\/stoic-curie.212-227-153-4.plesk.page\/hr\/wp-json\/wp\/v2\/media\/5948810"}],"wp:attachment":[{"href":"https:\/\/stoic-curie.212-227-153-4.plesk.page\/hr\/wp-json\/wp\/v2\/media?parent=3693605"}],"wp:term":[{"taxonomy":"product_brand","embeddable":true,"href":"https:\/\/stoic-curie.212-227-153-4.plesk.page\/hr\/wp-json\/wp\/v2\/product_brand?post=3693605"},{"taxonomy":"product_cat","embeddable":true,"href":"https:\/\/stoic-curie.212-227-153-4.plesk.page\/hr\/wp-json\/wp\/v2\/product_cat?post=3693605"},{"taxonomy":"product_tag","embeddable":true,"href":"https:\/\/stoic-curie.212-227-153-4.plesk.page\/hr\/wp-json\/wp\/v2\/product_tag?post=3693605"}],"curies":[{"name":"wp","href":"https:\/\/api.w.org\/{rel}","templated":true}]}}