{"id":3693608,"date":"2025-10-13T13:55:45","date_gmt":"2025-10-13T17:55:45","guid":{"rendered":"https:\/\/stoic-curie.212-227-153-4.plesk.page\/product\/vijci-za-ivericu-s-upustenom-ravnom-glavom-din-6112-inox-mm-4x60-kom-6-pak\/"},"modified":"2026-02-25T00:01:25","modified_gmt":"2026-02-25T00:01:25","slug":"vijci-za-ivericu-s-upustenom-ravnom-glavom-din-6112-inox-mm-4x60-kom-6-pak","status":"publish","type":"product","link":"https:\/\/stoic-curie.212-227-153-4.plesk.page\/hr\/product\/vijci-za-ivericu-s-upustenom-ravnom-glavom-din-6112-inox-mm-4x60-kom-6-pak\/","title":{"rendered":"Vijci za ivericu s upu\u0161tenom ravnom glavom din 6112 inox mm 4&#215;60  kom 6 \/ pak"},"content":{"rendered":"<p>Vijci za ivericu s upu\u0161tenom ravnom glavom din 6112 inox mm 4&#215;60  kom 6 \/ pak &#8211; <\/p>\n<p>Vijke s ravnom glavom Phillips DIN 6112 A4 od nehr\u0111aju\u0107eg \u010delika za ivericu. U prakti\u010dnim i elegantnim blister pakiranjima.<\/p>\n","protected":false},"excerpt":{"rendered":"<p>Vijci za ivericu s upu\u0161tenom ravnom glavom din 6112 inox mm 4&#215;60 kom 6 \/ pak &#8211; Vijke s ravnom<\/p>\n","protected":false},"featured_media":5947236,"comment_status":"closed","ping_status":"closed","template":"","meta":[],"product_brand":[3121],"product_cat":[1722],"product_tag":[],"class_list":{"0":"post-3693608","1":"product","2":"type-product","3":"status-publish","4":"has-post-thumbnail","6":"product_brand-marinetech-hr","7":"product_cat-din-6112-vijci-od-nehrdajuceg-celika","9":"first","10":"instock","11":"shipping-taxable","12":"purchasable","13":"product-type-simple"},"_links":{"self":[{"href":"https:\/\/stoic-curie.212-227-153-4.plesk.page\/hr\/wp-json\/wp\/v2\/product\/3693608","targetHints":{"allow":["GET"]}}],"collection":[{"href":"https:\/\/stoic-curie.212-227-153-4.plesk.page\/hr\/wp-json\/wp\/v2\/product"}],"about":[{"href":"https:\/\/stoic-curie.212-227-153-4.plesk.page\/hr\/wp-json\/wp\/v2\/types\/product"}],"replies":[{"embeddable":true,"href":"https:\/\/stoic-curie.212-227-153-4.plesk.page\/hr\/wp-json\/wp\/v2\/comments?post=3693608"}],"version-history":[{"count":0,"href":"https:\/\/stoic-curie.212-227-153-4.plesk.page\/hr\/wp-json\/wp\/v2\/product\/3693608\/revisions"}],"wp:featuredmedia":[{"embeddable":true,"href":"https:\/\/stoic-curie.212-227-153-4.plesk.page\/hr\/wp-json\/wp\/v2\/media\/5947236"}],"wp:attachment":[{"href":"https:\/\/stoic-curie.212-227-153-4.plesk.page\/hr\/wp-json\/wp\/v2\/media?parent=3693608"}],"wp:term":[{"taxonomy":"product_brand","embeddable":true,"href":"https:\/\/stoic-curie.212-227-153-4.plesk.page\/hr\/wp-json\/wp\/v2\/product_brand?post=3693608"},{"taxonomy":"product_cat","embeddable":true,"href":"https:\/\/stoic-curie.212-227-153-4.plesk.page\/hr\/wp-json\/wp\/v2\/product_cat?post=3693608"},{"taxonomy":"product_tag","embeddable":true,"href":"https:\/\/stoic-curie.212-227-153-4.plesk.page\/hr\/wp-json\/wp\/v2\/product_tag?post=3693608"}],"curies":[{"name":"wp","href":"https:\/\/api.w.org\/{rel}","templated":true}]}}