{"id":3693611,"date":"2025-10-13T13:55:46","date_gmt":"2025-10-13T17:55:46","guid":{"rendered":"https:\/\/stoic-curie.212-227-153-4.plesk.page\/product\/zastitna-mreza-protiv-komaraca-za-svjetiljke-g-type-oval-397x197-mm\/"},"modified":"2026-02-25T00:01:25","modified_gmt":"2026-02-25T00:01:25","slug":"zastitna-mreza-protiv-komaraca-za-svjetiljke-g-type-oval-397x197-mm","status":"publish","type":"product","link":"https:\/\/stoic-curie.212-227-153-4.plesk.page\/hr\/product\/zastitna-mreza-protiv-komaraca-za-svjetiljke-g-type-oval-397x197-mm\/","title":{"rendered":"Za\u0161titna mre\u017ea protiv komaraca za svjetiljke G-Type Oval 397&#215;197 mm"},"content":{"rendered":"<p>Za\u0161titna mre\u017ea protiv komaraca za svjetiljke G-Type Oval 397&#215;197 mm &#8211; <\/p>\n<p>Anodizirani aluminijski Goiot tip portlight s vodonepropusnim pleksiglasom, lijevanom konstrukcijom i dvostrukom brtvom. Izvrsna vidljivost zahvaljuju\u0107i ravnom ru\u010dkom. Maksimalna debljina pregrade 27 mm.<\/p>\n","protected":false},"excerpt":{"rendered":"<p>Za\u0161titna mre\u017ea protiv komaraca za svjetiljke G-Type Oval 397&#215;197 mm &#8211; Anodizirani aluminijski Goiot tip portlight s vodonepropusnim pleksiglasom, lijevanom<\/p>\n","protected":false},"featured_media":5948818,"comment_status":"closed","ping_status":"closed","template":"","meta":[],"product_brand":[2856],"product_cat":[1702],"product_tag":[],"class_list":{"0":"post-3693611","1":"product","2":"type-product","3":"status-publish","4":"has-post-thumbnail","6":"product_brand-can-marine-hr","7":"product_cat-brodske-grotlasca-i-otvori","9":"first","10":"instock","11":"shipping-taxable","12":"purchasable","13":"product-type-simple"},"_links":{"self":[{"href":"https:\/\/stoic-curie.212-227-153-4.plesk.page\/hr\/wp-json\/wp\/v2\/product\/3693611","targetHints":{"allow":["GET"]}}],"collection":[{"href":"https:\/\/stoic-curie.212-227-153-4.plesk.page\/hr\/wp-json\/wp\/v2\/product"}],"about":[{"href":"https:\/\/stoic-curie.212-227-153-4.plesk.page\/hr\/wp-json\/wp\/v2\/types\/product"}],"replies":[{"embeddable":true,"href":"https:\/\/stoic-curie.212-227-153-4.plesk.page\/hr\/wp-json\/wp\/v2\/comments?post=3693611"}],"version-history":[{"count":0,"href":"https:\/\/stoic-curie.212-227-153-4.plesk.page\/hr\/wp-json\/wp\/v2\/product\/3693611\/revisions"}],"wp:featuredmedia":[{"embeddable":true,"href":"https:\/\/stoic-curie.212-227-153-4.plesk.page\/hr\/wp-json\/wp\/v2\/media\/5948818"}],"wp:attachment":[{"href":"https:\/\/stoic-curie.212-227-153-4.plesk.page\/hr\/wp-json\/wp\/v2\/media?parent=3693611"}],"wp:term":[{"taxonomy":"product_brand","embeddable":true,"href":"https:\/\/stoic-curie.212-227-153-4.plesk.page\/hr\/wp-json\/wp\/v2\/product_brand?post=3693611"},{"taxonomy":"product_cat","embeddable":true,"href":"https:\/\/stoic-curie.212-227-153-4.plesk.page\/hr\/wp-json\/wp\/v2\/product_cat?post=3693611"},{"taxonomy":"product_tag","embeddable":true,"href":"https:\/\/stoic-curie.212-227-153-4.plesk.page\/hr\/wp-json\/wp\/v2\/product_tag?post=3693611"}],"curies":[{"name":"wp","href":"https:\/\/api.w.org\/{rel}","templated":true}]}}