{"id":3693613,"date":"2025-10-13T13:55:46","date_gmt":"2025-10-13T17:55:46","guid":{"rendered":"https:\/\/stoic-curie.212-227-153-4.plesk.page\/product\/komarnik-za-prozorsko-svjetlo-tipa-g-427x178-mm\/"},"modified":"2026-02-25T00:01:25","modified_gmt":"2026-02-25T00:01:25","slug":"komarnik-za-prozorsko-svjetlo-tipa-g-427x178-mm","status":"publish","type":"product","link":"https:\/\/stoic-curie.212-227-153-4.plesk.page\/hr\/product\/komarnik-za-prozorsko-svjetlo-tipa-g-427x178-mm\/","title":{"rendered":"Komarnik za prozorsko svjetlo tipa G 427&#215;178 mm"},"content":{"rendered":"<p>Komarnik za prozorsko svjetlo tipa G 427&#215;178 mm &#8211; <\/p>\n<p>Anodizirani aluminijski Goiot portlight s vodonepropusnim akrilnim staklom, lijevanom konstrukcijom i dvostrukim brtvenim rubom. Odli\u010dan raspon vidljivosti zahvaljuju\u0107i ravnoj ru\u010dki. Maksimalna debljina pregrade je 27 mm.<\/p>\n","protected":false},"excerpt":{"rendered":"<p>Komarnik za prozorsko svjetlo tipa G 427&#215;178 mm &#8211; Anodizirani aluminijski Goiot portlight s vodonepropusnim akrilnim staklom, lijevanom konstrukcijom i<\/p>\n","protected":false},"featured_media":5948821,"comment_status":"closed","ping_status":"closed","template":"","meta":[],"product_brand":[2856],"product_cat":[1702],"product_tag":[],"class_list":{"0":"post-3693613","1":"product","2":"type-product","3":"status-publish","4":"has-post-thumbnail","6":"product_brand-can-marine-hr","7":"product_cat-brodske-grotlasca-i-otvori","9":"first","10":"instock","11":"shipping-taxable","12":"purchasable","13":"product-type-simple"},"_links":{"self":[{"href":"https:\/\/stoic-curie.212-227-153-4.plesk.page\/hr\/wp-json\/wp\/v2\/product\/3693613","targetHints":{"allow":["GET"]}}],"collection":[{"href":"https:\/\/stoic-curie.212-227-153-4.plesk.page\/hr\/wp-json\/wp\/v2\/product"}],"about":[{"href":"https:\/\/stoic-curie.212-227-153-4.plesk.page\/hr\/wp-json\/wp\/v2\/types\/product"}],"replies":[{"embeddable":true,"href":"https:\/\/stoic-curie.212-227-153-4.plesk.page\/hr\/wp-json\/wp\/v2\/comments?post=3693613"}],"version-history":[{"count":0,"href":"https:\/\/stoic-curie.212-227-153-4.plesk.page\/hr\/wp-json\/wp\/v2\/product\/3693613\/revisions"}],"wp:featuredmedia":[{"embeddable":true,"href":"https:\/\/stoic-curie.212-227-153-4.plesk.page\/hr\/wp-json\/wp\/v2\/media\/5948821"}],"wp:attachment":[{"href":"https:\/\/stoic-curie.212-227-153-4.plesk.page\/hr\/wp-json\/wp\/v2\/media?parent=3693613"}],"wp:term":[{"taxonomy":"product_brand","embeddable":true,"href":"https:\/\/stoic-curie.212-227-153-4.plesk.page\/hr\/wp-json\/wp\/v2\/product_brand?post=3693613"},{"taxonomy":"product_cat","embeddable":true,"href":"https:\/\/stoic-curie.212-227-153-4.plesk.page\/hr\/wp-json\/wp\/v2\/product_cat?post=3693613"},{"taxonomy":"product_tag","embeddable":true,"href":"https:\/\/stoic-curie.212-227-153-4.plesk.page\/hr\/wp-json\/wp\/v2\/product_tag?post=3693613"}],"curies":[{"name":"wp","href":"https:\/\/api.w.org\/{rel}","templated":true}]}}