{"id":3693615,"date":"2025-10-13T13:55:47","date_gmt":"2025-10-13T17:55:47","guid":{"rendered":"https:\/\/stoic-curie.212-227-153-4.plesk.page\/product\/crna-sarka-za-igloo-qt\/"},"modified":"2026-02-25T00:01:25","modified_gmt":"2026-02-25T00:01:25","slug":"crna-sarka-za-igloo-qt","status":"publish","type":"product","link":"https:\/\/stoic-curie.212-227-153-4.plesk.page\/hr\/product\/crna-sarka-za-igloo-qt\/","title":{"rendered":"Crna \u0161arka za Igloo Qt"},"content":{"rendered":"<p>Crna \u0161arka za Igloo Qt &#8211; <\/p>\n<p>Nova i stara serija rezervnih dijelova Igloo, uklju\u010duju\u0107i ru\u010dke, glav\u010dine i \u0161arke.<\/p>\n","protected":false},"excerpt":{"rendered":"<p>Crna \u0161arka za Igloo Qt &#8211; Nova i stara serija rezervnih dijelova Igloo, uklju\u010duju\u0107i ru\u010dke, glav\u010dine i \u0161arke.<\/p>\n","protected":false},"featured_media":5948833,"comment_status":"closed","ping_status":"closed","template":"","meta":[],"product_brand":[3016],"product_cat":[1646],"product_tag":[],"class_list":{"0":"post-3693615","1":"product","2":"type-product","3":"status-publish","4":"has-post-thumbnail","6":"product_brand-igloo-marine-hr","7":"product_cat-cool-box-hladnjaci","9":"first","10":"outofstock","11":"shipping-taxable","12":"purchasable","13":"product-type-simple"},"_links":{"self":[{"href":"https:\/\/stoic-curie.212-227-153-4.plesk.page\/hr\/wp-json\/wp\/v2\/product\/3693615","targetHints":{"allow":["GET"]}}],"collection":[{"href":"https:\/\/stoic-curie.212-227-153-4.plesk.page\/hr\/wp-json\/wp\/v2\/product"}],"about":[{"href":"https:\/\/stoic-curie.212-227-153-4.plesk.page\/hr\/wp-json\/wp\/v2\/types\/product"}],"replies":[{"embeddable":true,"href":"https:\/\/stoic-curie.212-227-153-4.plesk.page\/hr\/wp-json\/wp\/v2\/comments?post=3693615"}],"version-history":[{"count":0,"href":"https:\/\/stoic-curie.212-227-153-4.plesk.page\/hr\/wp-json\/wp\/v2\/product\/3693615\/revisions"}],"wp:featuredmedia":[{"embeddable":true,"href":"https:\/\/stoic-curie.212-227-153-4.plesk.page\/hr\/wp-json\/wp\/v2\/media\/5948833"}],"wp:attachment":[{"href":"https:\/\/stoic-curie.212-227-153-4.plesk.page\/hr\/wp-json\/wp\/v2\/media?parent=3693615"}],"wp:term":[{"taxonomy":"product_brand","embeddable":true,"href":"https:\/\/stoic-curie.212-227-153-4.plesk.page\/hr\/wp-json\/wp\/v2\/product_brand?post=3693615"},{"taxonomy":"product_cat","embeddable":true,"href":"https:\/\/stoic-curie.212-227-153-4.plesk.page\/hr\/wp-json\/wp\/v2\/product_cat?post=3693615"},{"taxonomy":"product_tag","embeddable":true,"href":"https:\/\/stoic-curie.212-227-153-4.plesk.page\/hr\/wp-json\/wp\/v2\/product_tag?post=3693615"}],"curies":[{"name":"wp","href":"https:\/\/api.w.org\/{rel}","templated":true}]}}