{"id":3693620,"date":"2025-10-13T13:55:49","date_gmt":"2025-10-13T17:55:49","guid":{"rendered":"https:\/\/stoic-curie.212-227-153-4.plesk.page\/product\/kaljuzna-pumpa-johnson-aqua-void-ref-500-v-12\/"},"modified":"2026-02-25T00:01:25","modified_gmt":"2026-02-25T00:01:25","slug":"kaljuzna-pumpa-johnson-aqua-void-ref-500-v-12","status":"publish","type":"product","link":"https:\/\/stoic-curie.212-227-153-4.plesk.page\/hr\/product\/kaljuzna-pumpa-johnson-aqua-void-ref-500-v-12\/","title":{"rendered":"Kalju\u017ena pumpa Johnson aqua void ref 500  v 12"},"content":{"rendered":"<p>Kalju\u017ena pumpa Johnson aqua void ref 500  v 12  &#8211; <\/p>\n<p>Submersabilna pumpa za balast Johnson Aqua Void vrhunske kvalitete i trajnosti, s uklonjivom bazom i glavom za lako \u010di\u0161\u0107enje. S vodootpornim izolacijskim povezom, rezervnim osigura\u010dima i Deutsch konektorom za brzo isklju\u010divanje iz mre\u017ee tijekom odr\u017eavanja. Termo-stvrdnuti ku\u0107i\u0161te s vodom hla\u0111enim zatvorenim motorom i osovinom od nehr\u0111aju\u0107eg \u010delika. Navojna priklju\u010dnica od 3\/4 in\u010da s ravnim i podesivim spojnicama crijeva od 20 mm, uklju\u010duju\u0107i brtvu i nepovratni ventil. Dimenzije pumpe 70 x 133 x H119 mm.<\/p>\n","protected":false},"excerpt":{"rendered":"<p>Kalju\u017ena pumpa Johnson aqua void ref 500 v 12 &#8211; Submersabilna pumpa za balast Johnson Aqua Void vrhunske kvalitete i<\/p>\n","protected":false},"featured_media":5948842,"comment_status":"closed","ping_status":"closed","template":"","meta":[],"product_brand":[3046],"product_cat":[1659],"product_tag":[],"class_list":{"0":"post-3693620","1":"product","2":"type-product","3":"status-publish","4":"has-post-thumbnail","6":"product_brand-johnson-marine-hr","7":"product_cat-elektricne-kaljuzne-pumpe","9":"first","10":"instock","11":"shipping-taxable","12":"purchasable","13":"product-type-simple"},"_links":{"self":[{"href":"https:\/\/stoic-curie.212-227-153-4.plesk.page\/hr\/wp-json\/wp\/v2\/product\/3693620","targetHints":{"allow":["GET"]}}],"collection":[{"href":"https:\/\/stoic-curie.212-227-153-4.plesk.page\/hr\/wp-json\/wp\/v2\/product"}],"about":[{"href":"https:\/\/stoic-curie.212-227-153-4.plesk.page\/hr\/wp-json\/wp\/v2\/types\/product"}],"replies":[{"embeddable":true,"href":"https:\/\/stoic-curie.212-227-153-4.plesk.page\/hr\/wp-json\/wp\/v2\/comments?post=3693620"}],"version-history":[{"count":0,"href":"https:\/\/stoic-curie.212-227-153-4.plesk.page\/hr\/wp-json\/wp\/v2\/product\/3693620\/revisions"}],"wp:featuredmedia":[{"embeddable":true,"href":"https:\/\/stoic-curie.212-227-153-4.plesk.page\/hr\/wp-json\/wp\/v2\/media\/5948842"}],"wp:attachment":[{"href":"https:\/\/stoic-curie.212-227-153-4.plesk.page\/hr\/wp-json\/wp\/v2\/media?parent=3693620"}],"wp:term":[{"taxonomy":"product_brand","embeddable":true,"href":"https:\/\/stoic-curie.212-227-153-4.plesk.page\/hr\/wp-json\/wp\/v2\/product_brand?post=3693620"},{"taxonomy":"product_cat","embeddable":true,"href":"https:\/\/stoic-curie.212-227-153-4.plesk.page\/hr\/wp-json\/wp\/v2\/product_cat?post=3693620"},{"taxonomy":"product_tag","embeddable":true,"href":"https:\/\/stoic-curie.212-227-153-4.plesk.page\/hr\/wp-json\/wp\/v2\/product_tag?post=3693620"}],"curies":[{"name":"wp","href":"https:\/\/api.w.org\/{rel}","templated":true}]}}